{"id":100,"date":"2019-10-23T20:06:06","date_gmt":"2019-10-24T01:06:06","guid":{"rendered":"https:\/\/flisolbogota.org\/2020\/?page_id=100"},"modified":"2020-02-20T20:31:43","modified_gmt":"2020-02-21T01:31:43","slug":"registro-speakers","status":"publish","type":"page","link":"https:\/\/flisolbogota.org\/2020\/registro-speakers\/","title":{"rendered":"\u00bfTe gustar\u00eda ser protagonista del evento m\u00e1s grande de software libre Am\u00e9rica Latina?"},"content":{"rendered":"<p>[et_pb_section fb_built=\u00bb1&#8243; admin_label=\u00bbHeader\u00bb _builder_version=\u00bb3.22&#8243; custom_padding=\u00bb0px||\u00bb][et_pb_row column_structure=\u00bb3_5,2_5&#8243; _builder_version=\u00bb4.2.2&#8243; background_enable_image=\u00bboff\u00bb width=\u00bb100%\u00bb max_width=\u00bb100%\u00bb custom_margin=\u00bb||\u00bb custom_margin_tablet=\u00bb\u00bb custom_margin_phone=\u00bb\u00bb custom_margin_last_edited=\u00bbon|phone\u00bb custom_padding=\u00bb0px|50px|0px|50px|true|true\u00bb locked=\u00bboff\u00bb][et_pb_column type=\u00bb3_5&#8243; _builder_version=\u00bb3.25&#8243; custom_padding=\u00bb180px|||\u00bb custom_padding_tablet=\u00bb40px|||\u00bb custom_padding_phone=\u00bb\u00bb custom_padding_last_edited=\u00bbon|tablet\u00bb custom_padding__hover=\u00bb|||\u00bb][et_pb_text _builder_version=\u00bb4.2.2&#8243; text_font=\u00bbLato||||||||\u00bb text_font_size=\u00bb24px\u00bb text_line_height=\u00bb1.8em\u00bb header_font=\u00bbLato|900|||||||\u00bb header_text_color=\u00bb#f18d05&#8243; header_font_size=\u00bb31px\u00bb header_line_height=\u00bb1.5em\u00bb custom_margin=\u00bb||||false|false\u00bb header_font_size_tablet=\u00bb\u00bb header_font_size_phone=\u00bb27px\u00bb header_font_size_last_edited=\u00bbon|phone\u00bb]<\/p>\n<h1>\u00bfTe gustar\u00eda ser protagonista del evento m\u00e1s grande de software libre Am\u00e9rica Latina?<\/h1>\n<p>El FLISoL es el festival de difusi\u00f3n de software y tecnolog\u00edas libres m\u00e1s grande del mundo, dirigido a todo tipo de p\u00fablico (estudiantes, acad\u00e9micos, empresarios, profesionales, entusiastas de la tecnolog\u00eda). Tenemos un \u00fanico objetivo, construir un espacio incluyente para compartir conocimientos, herramientas y experiencias sobre tecnolog\u00edas y cultura libre.<\/p>\n<p>&nbsp;<\/p>\n<p>[\/et_pb_text][\/et_pb_column][et_pb_column type=\u00bb2_5&#8243; _builder_version=\u00bb4.2.2&#8243; background_enable_color=\u00bboff\u00bb background_enable_image=\u00bboff\u00bb custom_padding=\u00bb|||\u00bb custom_padding__hover=\u00bb|||\u00bb][et_pb_image src=\u00bbhttps:\/\/flisolbogota.org\/2020\/wp-content\/uploads\/sites\/3\/2020\/01\/speaker.png\u00bb force_fullwidth=\u00bbon\u00bb _builder_version=\u00bb4.2.2&#8243; module_alignment=\u00bbleft\u00bb custom_margin=\u00bb||||false|false\u00bb][\/et_pb_image][et_pb_text _builder_version=\u00bb4.2.2&#8243; text_font=\u00bbLato||||||||\u00bb text_font_size=\u00bb24px\u00bb text_line_height=\u00bb1.8em\u00bb header_font=\u00bbLato|900|||||||\u00bb header_text_color=\u00bb#f18d05&#8243; header_font_size=\u00bb31px\u00bb header_line_height=\u00bb1.5em\u00bb custom_margin=\u00bb||171px|||\u00bb custom_margin_tablet=\u00bb||10px||false|false\u00bb custom_margin_phone=\u00bb\u00bb custom_margin_last_edited=\u00bbon|tablet\u00bb header_font_size_tablet=\u00bb\u00bb header_font_size_phone=\u00bb48px\u00bb header_font_size_last_edited=\u00bbon|desktop\u00bb]<\/p>\n<p>Si quieres compartir tu conocimiento en la versi\u00f3n m\u00e1s grande del FLISOL en Colombia (Bogot\u00e1) postula tu charla o taller en el siguiente formulario.<\/p>\n<p>Las charlas o talleres ser\u00e1n aceptadas hasta el 21 de Febrero de 2020.<\/p>\n<p>[\/et_pb_text][\/et_pb_column][\/et_pb_row][\/et_pb_section][et_pb_section fb_built=\u00bb1&#8243; admin_label=\u00bbAbout\u00bb _builder_version=\u00bb3.22&#8243; custom_padding=\u00bb0px|||||\u00bb locked=\u00bboff\u00bb][et_pb_row column_structure=\u00bb1_4,3_4&#8243; _builder_version=\u00bb4.2.2&#8243; width=\u00bb78%\u00bb max_width=\u00bb100%\u00bb][et_pb_column type=\u00bb1_4&#8243; _builder_version=\u00bb3.25&#8243; custom_padding=\u00bb|||\u00bb custom_padding__hover=\u00bb|||\u00bb][et_pb_image src=\u00bbhttps:\/\/flisolbogota.org\/2020\/wp-content\/uploads\/sites\/3\/2020\/01\/speakers.png\u00bb align_tablet=\u00bbcenter\u00bb align_phone=\u00bb\u00bb align_last_edited=\u00bbon|desktop\u00bb _builder_version=\u00bb4.3.2&#8243; transform_scale=\u00bb350%|350%\u00bb transform_scale_tablet=\u00bb100%|100%\u00bb transform_scale_phone=\u00bb\u00bb transform_scale_last_edited=\u00bbon|desktop\u00bb transform_translate=\u00bb-5vw|-72%\u00bb transform_translate_tablet=\u00bb0vw|0%\u00bb transform_translate_phone=\u00bb\u00bb transform_translate_last_edited=\u00bbon|desktop\u00bb transform_rotate=\u00bb0deg|0deg|-45deg\u00bb transform_rotate_tablet=\u00bb0deg|0deg|0deg\u00bb transform_rotate_phone=\u00bb\u00bb transform_rotate_last_edited=\u00bbon|desktop\u00bb transform_skew_tablet=\u00bb\u00bb transform_skew_phone=\u00bb\u00bb transform_skew_last_edited=\u00bbon|desktop\u00bb transform_origin=\u00bb100%|0%\u00bb transform_origin_tablet=\u00bb\u00bb transform_origin_phone=\u00bb\u00bb transform_origin_last_edited=\u00bbon|desktop\u00bb transform_styles_last_edited=\u00bbon|desktop\u00bb custom_margin=\u00bb||-3px|-37px|false|false\u00bb hover_enabled=\u00bb0&#8243; transform_styles_tablet=\u00bb\u00bb transform_styles_phone=\u00bb\u00bb border_radii=\u00bb||1000px|1000px|\u00bb background_color=\u00bbrgba(0,0,0,0)\u00bb][\/et_pb_image][\/et_pb_column][et_pb_column type=\u00bb3_4&#8243; _builder_version=\u00bb3.25&#8243; custom_padding=\u00bb|||\u00bb custom_padding__hover=\u00bb|||\u00bb][et_pb_text _builder_version=\u00bb4.2.2&#8243; text_font=\u00bbLato||||||||\u00bb text_font_size=\u00bb22px\u00bb text_line_height=\u00bb1.8em\u00bb header_6_font=\u00bbLato|||on|||||\u00bb header_6_text_color=\u00bb#969696&#8243; header_6_font_size=\u00bb18px\u00bb header_6_letter_spacing=\u00bb4px\u00bb header_6_line_height=\u00bb1.8em\u00bb width=\u00bb85%\u00bb custom_padding=\u00bb|||172px||\u00bb custom_padding_tablet=\u00bb|||20px|false|false\u00bb custom_padding_phone=\u00bb\u00bb custom_padding_last_edited=\u00bbon|phone\u00bb header_6_text_align_tablet=\u00bbleft\u00bb header_6_text_align_phone=\u00bbleft\u00bb header_6_text_align_last_edited=\u00bbon|phone\u00bb]<\/p>\n<h6>Las charlas y talleres podr\u00e1n abordar las siguientes tem\u00e1ticas: <\/h6>\n<p>[\/et_pb_text][et_pb_blurb title=\u00bbArte Libre (Cine, Arte y Cultura libre)\u00bb use_icon=\u00bbon\u00bb font_icon=\u00bb%%202%%\u00bb icon_color=\u00bb#d0d102&#8243; icon_placement=\u00bbleft\u00bb use_icon_font_size=\u00bbon\u00bb icon_font_size=\u00bb32px\u00bb _builder_version=\u00bb4.2.2&#8243; header_font=\u00bbLato|700|||||||\u00bb header_font_size=\u00bb22px\u00bb header_line_height=\u00bb1.4em\u00bb body_text_align=\u00bbright\u00bb text_orientation=\u00bbright\u00bb width=\u00bb85%\u00bb module_alignment=\u00bbright\u00bb custom_margin=\u00bb||\u00bb custom_padding=\u00bb|||38px|false|false\u00bb custom_padding_tablet=\u00bb|||10px|false|false\u00bb custom_padding_phone=\u00bb|||10px|false|false\u00bb custom_padding_last_edited=\u00bbon|tablet\u00bb header_font_size_tablet=\u00bb\u00bb header_font_size_phone=\u00bb16px\u00bb header_font_size_last_edited=\u00bbon|desktop\u00bb locked=\u00bboff\u00bb][\/et_pb_blurb][et_pb_blurb title=\u00bbSeguridad libre\u00bb use_icon=\u00bbon\u00bb font_icon=\u00bb%%202%%\u00bb icon_color=\u00bb#d0d102&#8243; icon_placement=\u00bbleft\u00bb use_icon_font_size=\u00bbon\u00bb icon_font_size=\u00bb32px\u00bb _builder_version=\u00bb4.2.2&#8243; header_font=\u00bbLato|700|||||||\u00bb header_font_size=\u00bb22px\u00bb header_line_height=\u00bb1.4em\u00bb body_text_align=\u00bbright\u00bb text_orientation=\u00bbright\u00bb width=\u00bb85%\u00bb module_alignment=\u00bbright\u00bb custom_margin=\u00bb||\u00bb custom_padding=\u00bb|||38px|false|false\u00bb custom_padding_tablet=\u00bb|||10px|false|false\u00bb custom_padding_phone=\u00bb\u00bb custom_padding_last_edited=\u00bbon|tablet\u00bb header_font_size_tablet=\u00bb\u00bb header_font_size_phone=\u00bb16px\u00bb header_font_size_last_edited=\u00bbon|desktop\u00bb locked=\u00bboff\u00bb][\/et_pb_blurb][et_pb_blurb title=\u00bbZona de juegos\u00bb use_icon=\u00bbon\u00bb font_icon=\u00bb%%202%%\u00bb icon_color=\u00bb#d0d102&#8243; icon_placement=\u00bbleft\u00bb use_icon_font_size=\u00bbon\u00bb icon_font_size=\u00bb32px\u00bb _builder_version=\u00bb4.2.2&#8243; header_font=\u00bbLato|700|||||||\u00bb header_font_size=\u00bb22px\u00bb header_line_height=\u00bb1.4em\u00bb body_text_align=\u00bbright\u00bb text_orientation=\u00bbright\u00bb width=\u00bb85%\u00bb module_alignment=\u00bbright\u00bb custom_margin=\u00bb||\u00bb custom_padding=\u00bb|||38px|false|false\u00bb custom_padding_tablet=\u00bb|||10px|false|false\u00bb custom_padding_phone=\u00bb\u00bb custom_padding_last_edited=\u00bbon|tablet\u00bb header_font_size_tablet=\u00bb\u00bb header_font_size_phone=\u00bb16px\u00bb header_font_size_last_edited=\u00bbon|desktop\u00bb locked=\u00bboff\u00bb][\/et_pb_blurb][et_pb_blurb title=\u00bbFLISoL Infantil\u00bb use_icon=\u00bbon\u00bb font_icon=\u00bb%%202%%\u00bb icon_color=\u00bb#d0d102&#8243; icon_placement=\u00bbleft\u00bb use_icon_font_size=\u00bbon\u00bb icon_font_size=\u00bb32px\u00bb _builder_version=\u00bb4.2.2&#8243; header_font=\u00bbLato|700|||||||\u00bb header_font_size=\u00bb22px\u00bb header_line_height=\u00bb1.4em\u00bb body_text_align=\u00bbright\u00bb text_orientation=\u00bbright\u00bb width=\u00bb85%\u00bb module_alignment=\u00bbright\u00bb custom_margin=\u00bb||\u00bb custom_padding=\u00bb|||38px|false|false\u00bb custom_padding_tablet=\u00bb|||10px|false|false\u00bb custom_padding_phone=\u00bb\u00bb custom_padding_last_edited=\u00bbon|tablet\u00bb header_font_size_tablet=\u00bb\u00bb header_font_size_phone=\u00bb16px\u00bb header_font_size_last_edited=\u00bbon|desktop\u00bb locked=\u00bboff\u00bb][\/et_pb_blurb][et_pb_blurb title=\u00bbFLISoL Verde (Medio ambiente )\u00bb use_icon=\u00bbon\u00bb font_icon=\u00bb%%202%%\u00bb icon_color=\u00bb#d0d102&#8243; icon_placement=\u00bbleft\u00bb use_icon_font_size=\u00bbon\u00bb icon_font_size=\u00bb32px\u00bb _builder_version=\u00bb4.2.2&#8243; header_font=\u00bbLato|700|||||||\u00bb header_font_size=\u00bb22px\u00bb header_line_height=\u00bb1.4em\u00bb body_text_align=\u00bbright\u00bb text_orientation=\u00bbright\u00bb width=\u00bb85%\u00bb module_alignment=\u00bbright\u00bb custom_margin=\u00bb||\u00bb custom_padding=\u00bb|||38px|false|false\u00bb custom_padding_tablet=\u00bb|||10px|false|false\u00bb custom_padding_phone=\u00bb\u00bb custom_padding_last_edited=\u00bbon|tablet\u00bb header_font_size_tablet=\u00bb\u00bb header_font_size_phone=\u00bb16px\u00bb header_font_size_last_edited=\u00bbon|desktop\u00bb locked=\u00bboff\u00bb][\/et_pb_blurb][et_pb_blurb title=\u00bbFLISoL Naranja (Econom\u00eda naranja)\u00bb use_icon=\u00bbon\u00bb font_icon=\u00bb%%202%%\u00bb icon_color=\u00bb#d0d102&#8243; icon_placement=\u00bbleft\u00bb use_icon_font_size=\u00bbon\u00bb icon_font_size=\u00bb32px\u00bb _builder_version=\u00bb4.2.2&#8243; header_font=\u00bbLato|700|||||||\u00bb header_font_size=\u00bb22px\u00bb header_line_height=\u00bb1.4em\u00bb body_text_align=\u00bbright\u00bb text_orientation=\u00bbright\u00bb width=\u00bb85%\u00bb module_alignment=\u00bbright\u00bb custom_margin=\u00bb||\u00bb custom_padding=\u00bb|||38px|false|false\u00bb custom_padding_tablet=\u00bb|||10px|false|false\u00bb custom_padding_phone=\u00bb\u00bb custom_padding_last_edited=\u00bbon|tablet\u00bb header_font_size_tablet=\u00bb\u00bb header_font_size_phone=\u00bb16px\u00bb header_font_size_last_edited=\u00bbon|desktop\u00bb locked=\u00bboff\u00bb][\/et_pb_blurb][et_pb_blurb title=\u00bbFLISoL Estatal : Ciudadan\u00eda, Estado y Conocimiento Libre\u00bb use_icon=\u00bbon\u00bb font_icon=\u00bb%%202%%\u00bb icon_color=\u00bb#d0d102&#8243; icon_placement=\u00bbleft\u00bb use_icon_font_size=\u00bbon\u00bb icon_font_size=\u00bb32px\u00bb _builder_version=\u00bb4.2.2&#8243; header_font=\u00bbLato|700|||||||\u00bb header_font_size=\u00bb22px\u00bb header_line_height=\u00bb1.4em\u00bb body_text_align=\u00bbright\u00bb text_orientation=\u00bbright\u00bb width=\u00bb85%\u00bb module_alignment=\u00bbright\u00bb custom_margin=\u00bb||\u00bb custom_padding=\u00bb|||38px|false|false\u00bb custom_padding_tablet=\u00bb|||10px|false|false\u00bb custom_padding_phone=\u00bb\u00bb custom_padding_last_edited=\u00bbon|tablet\u00bb header_font_size_tablet=\u00bb\u00bb header_font_size_phone=\u00bb16px\u00bb header_font_size_last_edited=\u00bbon|desktop\u00bb locked=\u00bboff\u00bb][\/et_pb_blurb][\/et_pb_column][\/et_pb_row][et_pb_row _builder_version=\u00bb4.2.2&#8243;][et_pb_column type=\u00bb4_4&#8243; _builder_version=\u00bb4.2.2&#8243;][et_pb_text _builder_version=\u00bb4.2.2&#8243; text_font=\u00bbLato||||||||\u00bb text_font_size=\u00bb24px\u00bb text_line_height=\u00bb1.2em\u00bb link_font=\u00bbLato||||||||\u00bb link_text_color=\u00bb#00a1cb\u00bb header_font=\u00bbLato|900|||||||\u00bb header_text_color=\u00bb#f18d05&#8243; header_font_size=\u00bb31px\u00bb header_line_height=\u00bb1.5em\u00bb custom_margin=\u00bb||-3px|||\u00bb header_font_size_tablet=\u00bb\u00bb header_font_size_phone=\u00bb48px\u00bb header_font_size_last_edited=\u00bbon|desktop\u00bb]<\/p>\n<p>La selecci\u00f3n de las charlas y talleres ser\u00e1n comunicadas por medio de correo electr\u00f3nico, y luego publicadas en la pagina de programaci\u00f3n<\/p>\n<p>Todos los conferencistas deben seguir nuestro c\u00f3digo de conducta<\/p>\n<p><strong>Duraci\u00f3n Charlas:<\/strong> 45 minutos para charlas que incluyen 10-15 minutos para preguntas de la audiencia para charlas<\/p>\n<p><strong>Duraci\u00f3n Talleres:<\/strong> 2 o 4 horas<\/p>\n<p>No se te olvide tener en cuenta la siguiente <a href=\"\/2020\/informacion-para-speakers\/\">informaci\u00f3n Informaci\u00f3n para tener en cuenta<\/a><\/p>\n<p>Si tienes preguntas sobre el festival (Proceso de selecci\u00f3n de charlas, log\u00edstica, etc) o si eres nuevo a dar conferencias o est\u00e1s un poco nervioso, ponte en contacto con nosotros, podemos buscarte un mentor para apoyarte u orientarte, correo <a href=\"mailto: contenidos@flisolbogota.org\"><b> contenidos@flisolbogota.org<\/b><\/a><\/p>\n<p>[\/et_pb_text][\/et_pb_column][\/et_pb_row][et_pb_row column_structure=\u00bb1_2,1_2&#8243; _builder_version=\u00bb4.2.2&#8243;][et_pb_column type=\u00bb1_2&#8243; _builder_version=\u00bb4.2.2&#8243;][et_pb_text _builder_version=\u00bb4.2.2&#8243; text_font=\u00bbLato||||||||\u00bb text_font_size=\u00bb24px\u00bb text_line_height=\u00bb1.3em\u00bb link_font=\u00bbLato||||||||\u00bb link_text_color=\u00bb#00a1cb\u00bb header_font=\u00bbLato|900|||||||\u00bb header_text_color=\u00bb#f18d05&#8243; header_font_size=\u00bb31px\u00bb header_line_height=\u00bb1.5em\u00bb header_3_font=\u00bbLato|900||on|||||\u00bb header_3_text_color=\u00bb#f18d05&#8243; header_3_font_size=\u00bb31px\u00bb min_height=\u00bb267px\u00bb custom_margin=\u00bb||-3px|||\u00bb header_font_size_tablet=\u00bb\u00bb header_font_size_phone=\u00bb48px\u00bb header_font_size_last_edited=\u00bbon|desktop\u00bb]<\/p>\n<h3>Formulario de registro<\/h3>\n<p>Completa el siguiente formulario con tus datos. Si tienes alg\u00fan inconveniente o duda durante el proceso de registro de este formulario, puedes escribirnos por Telegram en: <a href=\"https:\/\/t.me\/aleja533\">t.me\/aleja533<\/a> <a href=\"https:\/\/t.me\/linaporras\">t.me\/linaporras<\/a> y <a href=\"https:\/\/t.me\/jhosman\">t.me\/jhosman<\/a> o enviarnos un correo a <a href=\"mailto: contenidos@flisolbogota.org\"><b>contenidos@flisolbogota.org<\/b><\/a><\/p>\n<p>[\/et_pb_text][et_pb_image src=\u00bbhttps:\/\/flisolbogota.org\/2020\/wp-content\/uploads\/sites\/3\/2020\/01\/2798941425_373e8ce1a9_w.jpg\u00bb force_fullwidth=\u00bbon\u00bb disabled_on=\u00bbon|on|off\u00bb _builder_version=\u00bb4.2.2&#8243; module_alignment=\u00bbcenter\u00bb][\/et_pb_image][et_pb_image src=\u00bbhttps:\/\/flisolbogota.org\/2020\/wp-content\/uploads\/sites\/3\/2020\/01\/14173238401_3b59f85834_c.jpg\u00bb force_fullwidth=\u00bbon\u00bb disabled_on=\u00bbon|on|off\u00bb _builder_version=\u00bb4.2.2&#8243; module_alignment=\u00bbcenter\u00bb][\/et_pb_image][et_pb_image src=\u00bbhttps:\/\/flisolbogota.org\/2020\/wp-content\/uploads\/sites\/3\/2020\/01\/13989892827_036479ce5d_z.jpg\u00bb force_fullwidth=\u00bbon\u00bb disabled_on=\u00bbon|on|off\u00bb _builder_version=\u00bb4.2.2&#8243; module_alignment=\u00bbcenter\u00bb][\/et_pb_image][et_pb_image src=\u00bbhttps:\/\/flisolbogota.org\/2020\/wp-content\/uploads\/sites\/3\/2020\/01\/26940040027_466d5ffbc1_c.jpg\u00bb force_fullwidth=\u00bbon\u00bb _builder_version=\u00bb4.2.2&#8243; module_alignment=\u00bbcenter\u00bb][\/et_pb_image][et_pb_image src=\u00bbhttps:\/\/flisolbogota.org\/2020\/wp-content\/uploads\/sites\/3\/2020\/01\/26939860157_7efe507bdd_c.jpg\u00bb force_fullwidth=\u00bbon\u00bb disabled_on=\u00bbon|on|off\u00bb _builder_version=\u00bb4.2.2&#8243; module_alignment=\u00bbcenter\u00bb][\/et_pb_image][et_pb_image src=\u00bbhttps:\/\/flisolbogota.org\/2020\/wp-content\/uploads\/sites\/3\/2020\/01\/40001100140_d39472174a_c.jpg\u00bb force_fullwidth=\u00bbon\u00bb disabled_on=\u00bbon|on|off\u00bb _builder_version=\u00bb4.2.2&#8243; module_alignment=\u00bbcenter\u00bb][\/et_pb_image][et_pb_image src=\u00bbhttps:\/\/flisolbogota.org\/2020\/wp-content\/uploads\/sites\/3\/2020\/01\/7199636820_c87196fa5e_c.jpg\u00bb force_fullwidth=\u00bbon\u00bb _builder_version=\u00bb4.2.2&#8243; module_alignment=\u00bbcenter\u00bb][\/et_pb_image][\/et_pb_column][et_pb_column type=\u00bb1_2&#8243; _builder_version=\u00bb4.2.2&#8243;][et_pb_code _builder_version=\u00bb4.2.2&#8243;][contact-form-7 id=\u00bb125&#8243; title=\u00bbRegistro speakers\u00bb][\/et_pb_code][\/et_pb_column][\/et_pb_row][\/et_pb_section][et_pb_section fb_built=\u00bb1&#8243; admin_label=\u00bbVideo\u00bb _builder_version=\u00bb4.2.2&#8243; background_image=\u00bbhttps:\/\/flisolbogota.org\/2020\/wp-content\/uploads\/sites\/3\/2020\/01\/logo-opaco.png\u00bb custom_padding=\u00bb0px|||||\u00bb][et_pb_row _builder_version=\u00bb3.25&#8243; custom_padding=\u00bb27px|0px|0|0px|false|false\u00bb locked=\u00bboff\u00bb][et_pb_column type=\u00bb4_4&#8243; _builder_version=\u00bb3.25&#8243; custom_padding=\u00bb|||\u00bb custom_padding__hover=\u00bb|||\u00bb][et_pb_video src=\u00bbhttps:\/\/www.youtube.com\/watch?v=iWtK_RVXM9U&#038;feature=emb_title\u00bb image_src=\u00bbhttps:\/\/flisolbogota.org\/2020\/wp-content\/uploads\/sites\/3\/2020\/01\/59252912_2744950638855544_7431522680374820864_o.jpg\u00bb thumbnail_overlay_color=\u00bbrgba(0,0,0,0.6)\u00bb _builder_version=\u00bb4.2.2&#8243; custom_margin=\u00bb||0px\u00bb box_shadow_style=\u00bbpreset1&#8243; box_shadow_vertical=\u00bb30px\u00bb box_shadow_blur=\u00bb60px\u00bb box_shadow_spread=\u00bb-20px\u00bb][\/et_pb_video][\/et_pb_column][\/et_pb_row][\/et_pb_section]<\/p>\n","protected":false},"excerpt":{"rendered":"<p>\u00bfTe gustar\u00eda ser protagonista del evento m\u00e1s grande de software libre Am\u00e9rica Latina? El FLISoL es el festival de difusi\u00f3n de software y tecnolog\u00edas libres m\u00e1s grande del mundo, dirigido a todo tipo de p\u00fablico (estudiantes, acad\u00e9micos, empresarios, profesionales, entusiastas de la tecnolog\u00eda). Tenemos un \u00fanico objetivo, construir un espacio incluyente para compartir conocimientos, herramientas [&hellip;]<\/p>\n","protected":false},"author":5,"featured_media":0,"parent":0,"menu_order":0,"comment_status":"closed","ping_status":"closed","template":"","meta":{"_et_pb_use_builder":"on","_et_pb_old_content":"","_et_gb_content_width":"","inline_featured_image":false,"footnotes":""},"class_list":["post-100","page","type-page","status-publish","hentry"],"_links":{"self":[{"href":"https:\/\/flisolbogota.org\/2020\/wp-json\/wp\/v2\/pages\/100","targetHints":{"allow":["GET"]}}],"collection":[{"href":"https:\/\/flisolbogota.org\/2020\/wp-json\/wp\/v2\/pages"}],"about":[{"href":"https:\/\/flisolbogota.org\/2020\/wp-json\/wp\/v2\/types\/page"}],"author":[{"embeddable":true,"href":"https:\/\/flisolbogota.org\/2020\/wp-json\/wp\/v2\/users\/5"}],"replies":[{"embeddable":true,"href":"https:\/\/flisolbogota.org\/2020\/wp-json\/wp\/v2\/comments?post=100"}],"version-history":[{"count":3,"href":"https:\/\/flisolbogota.org\/2020\/wp-json\/wp\/v2\/pages\/100\/revisions"}],"predecessor-version":[{"id":229890,"href":"https:\/\/flisolbogota.org\/2020\/wp-json\/wp\/v2\/pages\/100\/revisions\/229890"}],"wp:attachment":[{"href":"https:\/\/flisolbogota.org\/2020\/wp-json\/wp\/v2\/media?parent=100"}],"curies":[{"name":"wp","href":"https:\/\/api.w.org\/{rel}","templated":true}]}}