{"id":115,"date":"2019-10-23T20:31:30","date_gmt":"2019-10-24T01:31:30","guid":{"rendered":"https:\/\/flisolbogota.org\/2020\/?page_id=115"},"modified":"2020-02-10T18:06:50","modified_gmt":"2020-02-10T23:06:50","slug":"registro-de-comunidades","status":"publish","type":"page","link":"https:\/\/flisolbogota.org\/2020\/registro-de-comunidades\/","title":{"rendered":"Registro de comunidades"},"content":{"rendered":"<p>[et_pb_section fb_built=\u00bb1&#8243; fullwidth=\u00bbon\u00bb _builder_version=\u00bb4.2.2&#8243; locked=\u00bboff\u00bb][et_pb_fullwidth_post_title meta=\u00bboff\u00bb featured_image=\u00bboff\u00bb _builder_version=\u00bb4.2.2&#8243; title_font=\u00bbLato|900||on|||||\u00bb title_text_align=\u00bbright\u00bb title_text_color=\u00bb#ffffff\u00bb title_font_size=\u00bb39px\u00bb background_image=\u00bbhttps:\/\/flisolbogota.org\/2020\/wp-content\/uploads\/sites\/3\/2020\/01\/40001100140_d39472174a_c.jpg\u00bb custom_padding=\u00bb112px||112px||true|false\u00bb][\/et_pb_fullwidth_post_title][\/et_pb_section][et_pb_section fb_built=\u00bb1&#8243; _builder_version=\u00bb4.2.2&#8243; custom_padding=\u00bb||152px|||\u00bb][et_pb_row _builder_version=\u00bb4.2.2&#8243;][et_pb_column type=\u00bb4_4&#8243; _builder_version=\u00bb4.2.2&#8243;][et_pb_text _builder_version=\u00bb4.2.2&#8243; header_2_font=\u00bbLato|800||on|||||\u00bb header_2_text_color=\u00bb#f18d05&#8243; header_2_line_height=\u00bb1.3em\u00bb header_3_font=\u00bb|800|||||||\u00bb header_3_text_align=\u00bbcenter\u00bb header_3_text_color=\u00bb#d0d102&#8243; header_3_font_size=\u00bb30px\u00bb header_3_letter_spacing=\u00bb3px\u00bb header_3_line_height=\u00bb1.3em\u00bb hover_enabled=\u00bb0&#8243; text_font=\u00bbLato||||||||\u00bb text_font_size=\u00bb20px\u00bb]<\/p>\n<h2>Visibiliza el trabajo que hace tu comunidad.<\/h2>\n<p>\u00a0<span style=\"font-weight: 400;\">Gracias a las comunidades existe el software libre, somos el pilar y escuderos de las grandes ideas y logros que han transformado la tecnolog\u00eda, por esto queremos fortalecer el v\u00ednculo entre las existentes en Bogot\u00e1 y Colombia.\u00a0<\/span><\/p>\n<p><span style=\"font-weight: 400;\">Al unirnos podemos fortalecer\u00a0 posturas frente tem\u00e1ticas que valen la pena presentar a entes reguladores y de formaci\u00f3n formal para mejorar el alcance del software libre al servicio de todos <\/span><\/p>\n<h3>Pronto m\u00e1s informaci\u00f3n<\/h3>\n<p>&nbsp;<\/p>\n<p>&nbsp;<\/p>\n<p>[\/et_pb_text][\/et_pb_column][\/et_pb_row][\/et_pb_section]<\/p>\n","protected":false},"excerpt":{"rendered":"<p>Visibiliza el trabajo que hace tu comunidad. \u00a0Gracias a las comunidades existe el software libre, somos el pilar y escuderos de las grandes ideas y logros que han transformado la tecnolog\u00eda, por esto queremos fortalecer el v\u00ednculo entre las existentes en Bogot\u00e1 y Colombia.\u00a0 Al unirnos podemos fortalecer\u00a0 posturas frente tem\u00e1ticas que valen la pena [&hellip;]<\/p>\n","protected":false},"author":5,"featured_media":0,"parent":0,"menu_order":0,"comment_status":"closed","ping_status":"closed","template":"","meta":{"_et_pb_use_builder":"on","_et_pb_old_content":"","_et_gb_content_width":"","inline_featured_image":false,"footnotes":""},"class_list":["post-115","page","type-page","status-publish","hentry"],"_links":{"self":[{"href":"https:\/\/flisolbogota.org\/2020\/wp-json\/wp\/v2\/pages\/115","targetHints":{"allow":["GET"]}}],"collection":[{"href":"https:\/\/flisolbogota.org\/2020\/wp-json\/wp\/v2\/pages"}],"about":[{"href":"https:\/\/flisolbogota.org\/2020\/wp-json\/wp\/v2\/types\/page"}],"author":[{"embeddable":true,"href":"https:\/\/flisolbogota.org\/2020\/wp-json\/wp\/v2\/users\/5"}],"replies":[{"embeddable":true,"href":"https:\/\/flisolbogota.org\/2020\/wp-json\/wp\/v2\/comments?post=115"}],"version-history":[{"count":0,"href":"https:\/\/flisolbogota.org\/2020\/wp-json\/wp\/v2\/pages\/115\/revisions"}],"wp:attachment":[{"href":"https:\/\/flisolbogota.org\/2020\/wp-json\/wp\/v2\/media?parent=115"}],"curies":[{"name":"wp","href":"https:\/\/api.w.org\/{rel}","templated":true}]}}