{"id":117,"date":"2019-10-23T20:31:47","date_gmt":"2019-10-24T01:31:47","guid":{"rendered":"https:\/\/flisolbogota.org\/2020\/?page_id=117"},"modified":"2020-02-27T09:11:43","modified_gmt":"2020-02-27T14:11:43","slug":"registro-de-instaladores","status":"publish","type":"page","link":"https:\/\/flisolbogota.org\/2020\/registro-de-instaladores\/","title":{"rendered":"Registro de instaladores"},"content":{"rendered":"<p>[et_pb_section fb_built=\u00bb1&#8243; fullwidth=\u00bbon\u00bb _builder_version=\u00bb4.2.2&#8243; locked=\u00bboff\u00bb][et_pb_fullwidth_post_title meta=\u00bboff\u00bb featured_image=\u00bboff\u00bb _builder_version=\u00bb4.3.2&#8243; title_font=\u00bbLato|900||on|||||\u00bb title_text_align=\u00bbright\u00bb title_text_color=\u00bb#ffffff\u00bb title_font_size=\u00bb39px\u00bb background_image=\u00bbhttps:\/\/flisolbogota.org\/2020\/wp-content\/uploads\/sites\/3\/2020\/02\/install_zone.png\u00bb parallax=\u00bbon\u00bb parallax_method=\u00bboff\u00bb custom_padding=\u00bb112px||112px||true|false\u00bb][\/et_pb_fullwidth_post_title][\/et_pb_section][et_pb_section fb_built=\u00bb1&#8243; specialty=\u00bbon\u00bb _builder_version=\u00bb4.3.2&#8243;][et_pb_column type=\u00bb1_4&#8243; _builder_version=\u00bb3.25&#8243; custom_padding=\u00bb|||\u00bb custom_padding__hover=\u00bb|||\u00bb][et_pb_text _builder_version=\u00bb4.3.2&#8243; text_font_size=\u00bb12px\u00bb width=\u00bb98.1%\u00bb hover_enabled=\u00bb0&#8243; custom_margin_last_edited=\u00bbon|phone\u00bb custom_margin_phone=\u00bb|||10px|false|false\u00bb]<\/p>\n<h2>Ayudanos a que mas personas usen software libre<\/h2>\n<p>Solo llene este formulario si podemos contar con tu asistencia como \u00ab<span style=\"text-decoration: underline;\">Instalador<\/span>\u00bb durante el Festival de Instalaci\u00f3n en el FLISOL el d\u00eda <strong>25 de Abril de 2020<\/strong> a Desarrollarse en la <strong>Universidad EAN<\/strong>\u00a0Calle 79 # 11 \u2013 45 EAN \u2013 Sede El Nogal.<\/p>\n<p>Nos podremos en contacto con contigo tan pronto est\u00e9 todo listo o necesitemos darte alguna informaci\u00f3n.<\/p>\n<p>Ten en cuenta que tu participaci\u00f3n y la nuestra es voluntaria y <span style=\"text-decoration: underline;\">no brindamos alguna retribuci\u00f3n econ\u00f3mica<\/span>.<\/p>\n<p><strong>TE EN CUENTA QUE:<\/strong><\/p>\n<p>1. Se realizara una jornada de socializaci\u00f3n de alcances de la jornada de instalaci\u00f3n, donde se tratar\u00e1n los temas sobre alcances, metodolog\u00edas y procedimientos que la comunidad aspira a lograr en la jornada, el d\u00eda de la reunion presencial para instaladores se te informar\u00e1 v\u00eda correo.<\/p>\n<p>[\/et_pb_text][\/et_pb_column][et_pb_column type=\u00bb3_4&#8243; specialty_columns=\u00bb3&#8243; _builder_version=\u00bb3.25&#8243; custom_padding=\u00bb|||\u00bb custom_padding__hover=\u00bb|||\u00bb][et_pb_row_inner _builder_version=\u00bb4.3.2&#8243;][et_pb_column_inner saved_specialty_column_type=\u00bb3_4&#8243; _builder_version=\u00bb4.3.2&#8243;][et_pb_code _builder_version=\u00bb4.3.2&#8243;][contact-form-7 id=\u00bb230158&#8243; title=\u00bbRegistro Instaladores\u00bb][\/et_pb_code][\/et_pb_column_inner][\/et_pb_row_inner][\/et_pb_column][\/et_pb_section]<\/p>\n","protected":false},"excerpt":{"rendered":"<p>Ayudanos a que mas personas usen software libre Solo llene este formulario si podemos contar con tu asistencia como \u00abInstalador\u00bb durante el Festival de Instalaci\u00f3n en el FLISOL el d\u00eda 25 de Abril de 2020 a Desarrollarse en la Universidad EAN\u00a0Calle 79 # 11 \u2013 45 EAN \u2013 Sede El Nogal. Nos podremos en contacto [&hellip;]<\/p>\n","protected":false},"author":5,"featured_media":0,"parent":0,"menu_order":0,"comment_status":"closed","ping_status":"closed","template":"","meta":{"_et_pb_use_builder":"on","_et_pb_old_content":"","_et_gb_content_width":"","inline_featured_image":false,"footnotes":""},"class_list":["post-117","page","type-page","status-publish","hentry"],"_links":{"self":[{"href":"https:\/\/flisolbogota.org\/2020\/wp-json\/wp\/v2\/pages\/117","targetHints":{"allow":["GET"]}}],"collection":[{"href":"https:\/\/flisolbogota.org\/2020\/wp-json\/wp\/v2\/pages"}],"about":[{"href":"https:\/\/flisolbogota.org\/2020\/wp-json\/wp\/v2\/types\/page"}],"author":[{"embeddable":true,"href":"https:\/\/flisolbogota.org\/2020\/wp-json\/wp\/v2\/users\/5"}],"replies":[{"embeddable":true,"href":"https:\/\/flisolbogota.org\/2020\/wp-json\/wp\/v2\/comments?post=117"}],"version-history":[{"count":5,"href":"https:\/\/flisolbogota.org\/2020\/wp-json\/wp\/v2\/pages\/117\/revisions"}],"predecessor-version":[{"id":230192,"href":"https:\/\/flisolbogota.org\/2020\/wp-json\/wp\/v2\/pages\/117\/revisions\/230192"}],"wp:attachment":[{"href":"https:\/\/flisolbogota.org\/2020\/wp-json\/wp\/v2\/media?parent=117"}],"curies":[{"name":"wp","href":"https:\/\/api.w.org\/{rel}","templated":true}]}}