{"id":229726,"date":"2020-01-26T15:50:46","date_gmt":"2020-01-26T20:50:46","guid":{"rendered":"https:\/\/flisolbogota.org\/2020\/?page_id=229726"},"modified":"2020-01-26T16:36:24","modified_gmt":"2020-01-26T21:36:24","slug":"informacion-para-speakers","status":"publish","type":"page","link":"https:\/\/flisolbogota.org\/2020\/informacion-para-speakers\/","title":{"rendered":"Informaci\u00f3n para speakers"},"content":{"rendered":"<p>[et_pb_section fb_built=\u00bb1&#8243; fullwidth=\u00bbon\u00bb _builder_version=\u00bb4.2.2&#8243;][et_pb_fullwidth_post_title meta=\u00bboff\u00bb featured_image=\u00bboff\u00bb _builder_version=\u00bb4.2.2&#8243; title_font=\u00bbLato|900||on|||||\u00bb title_text_align=\u00bbright\u00bb title_text_color=\u00bb#ffffff\u00bb title_font_size=\u00bb39px\u00bb background_image=\u00bbhttps:\/\/flisolbogota.org\/2020\/wp-content\/uploads\/sites\/3\/2020\/01\/7002599926_c4c1599d4a_o.jpg\u00bb custom_padding=\u00bb112px||112px||true|false\u00bb][\/et_pb_fullwidth_post_title][\/et_pb_section][et_pb_section fb_built=\u00bb1&#8243; _builder_version=\u00bb4.2.2&#8243;][et_pb_row _builder_version=\u00bb4.2.2&#8243;][et_pb_column type=\u00bb4_4&#8243; _builder_version=\u00bb4.2.2&#8243;][et_pb_text _builder_version=\u00bb4.2.2&#8243; text_font=\u00bbLato||||||||\u00bb header_2_font=\u00bbLato|900||on|||||\u00bb header_2_text_color=\u00bb#f18d05&#8243; header_3_font=\u00bbLato|||on|||||\u00bb header_3_text_color=\u00bb#00a1cb\u00bb]<\/p>\n<div class=\"container\">\n<div id=\"content-area\" class=\"clearfix\">\n<div id=\"left-area\">\n<article id=\"post-204\" class=\"post-204 page type-page status-publish hentry\">\n<h2 class=\"entry-title main_title\">Informaci\u00f3n para conferencistas y talleristas<\/h2>\n<h3>Fechas importantes<\/h3>\n<p>Lunes 13 de enero de 2020: Apertura de recepci\u00f3n de charlas y talleres para la versi\u00f3n 2020 del FLISol.<\/p>\n<p>S\u00e1bado 15 de febrero de 2020: Cierre de recepci\u00f3n de charlas y talleres<\/p>\n<h3 class=\"entry-content\"><\/h3>\n<p>&nbsp;<\/p>\n<\/article>\n<\/div>\n<\/div>\n<\/div>\n<p>[\/et_pb_text][et_pb_text _builder_version=\u00bb4.2.2&#8243; text_font=\u00bbLato||||||||\u00bb header_text_align=\u00bbcenter\u00bb header_2_font=\u00bbLato|900||on|||||\u00bb header_2_text_color=\u00bb#f18d05&#8243; header_3_font=\u00bbLato|||on|||||\u00bb header_3_text_align=\u00bbcenter\u00bb header_3_text_color=\u00bb#00a1cb\u00bb header_3_font_size=\u00bb34px\u00bb]<\/p>\n<div class=\"container\">\n<div id=\"content-area\" class=\"clearfix\">\n<div id=\"left-area\">\n<article id=\"post-204\" class=\"post-204 page type-page status-publish hentry\">\n<h3 class=\"entry-content\">Preguntas frecuentes<\/h3>\n<\/article>\n<\/div>\n<\/div>\n<\/div>\n<p>[\/et_pb_text][et_pb_accordion _builder_version=\u00bb4.2.2&#8243; body_text_color=\u00bb#000000&#8243; body_link_text_color=\u00bb#f18d05&#8243;][et_pb_accordion_item title=\u00bb\u00bf Cu\u00e1ndo ser\u00e1n anunciadas las charlas y talleres seleccionados?\u00bb open_toggle_text_color=\u00bb#00a1cb\u00bb open_toggle_background_color=\u00bb#ffffff\u00bb closed_toggle_text_color=\u00bb#ffffff\u00bb closed_toggle_background_color=\u00bb#00a1cb\u00bb icon_color=\u00bb#ffffff\u00bb use_icon_font_size=\u00bbon\u00bb icon_font_size=\u00bb18px\u00bb _builder_version=\u00bb4.2.2&#8243; toggle_text_color=\u00bb#666666&#8243; toggle_level=\u00bbh5&#8243; toggle_font=\u00bbLato|||on|||||\u00bb closed_toggle_font=\u00bbLato|900||on|||||\u00bb open=\u00bbon\u00bb]<\/p>\n<p>Las charlas y talleres seleccionados se anunciaran 20 d\u00edas despu\u00e9s del cierre de las inscripciones.<\/p>\n<p>[\/et_pb_accordion_item][et_pb_accordion_item title=\u00bbNecesito confirmaci\u00f3n sobre si se acepto mi charla para reservar mi viaje \u00bf Qu\u00e9 debo hacer ?\u00bb open=\u00bboff\u00bb open_toggle_text_color=\u00bb#00a1cb\u00bb open_toggle_background_color=\u00bb#ffffff\u00bb closed_toggle_text_color=\u00bb#ffffff\u00bb closed_toggle_background_color=\u00bb#00a1cb\u00bb icon_color=\u00bb#ffffff\u00bb use_icon_font_size=\u00bbon\u00bb icon_font_size=\u00bb18px\u00bb _builder_version=\u00bb4.2.2&#8243; toggle_text_color=\u00bb#666666&#8243; toggle_level=\u00bbh5&#8243; toggle_font=\u00bbLato|||on|||||\u00bb closed_toggle_font=\u00bbLato|900||on|||||\u00bb]<\/p>\n<p>Ponte en contacto con nosotros al correo <a href=\"mailto:contenidos@flisolbogota.org\"><b> contenidos@flisolbogota.org<\/b><\/a> y te daremos respuesta lo mas r\u00e1pido posible.<\/p>\n<p>[\/et_pb_accordion_item][et_pb_accordion_item title=\u00bb\u00bfQu\u00e9 duraci\u00f3n tienen las charlas y talleres?\u00bb open_toggle_text_color=\u00bb#00a1cb\u00bb open_toggle_background_color=\u00bb#ffffff\u00bb closed_toggle_text_color=\u00bb#ffffff\u00bb closed_toggle_background_color=\u00bb#00a1cb\u00bb icon_color=\u00bb#ffffff\u00bb use_icon_font_size=\u00bbon\u00bb icon_font_size=\u00bb18px\u00bb _builder_version=\u00bb4.2.2&#8243; toggle_text_color=\u00bb#666666&#8243; toggle_level=\u00bbh5&#8243; toggle_font=\u00bbLato|||on|||||\u00bb closed_toggle_font=\u00bbLato|900||on|||||\u00bb open=\u00bboff\u00bb]<\/p>\n<p>Las charlas o conferencias tendr\u00e1n una duraci\u00f3n de 45 minutos con 10-15 minutos para preguntas y los talleres podr\u00e1n de ser de 2 a 4 horas. Si necesitas mas tiempo solicitalo en el registro o al correo <a href=\"mailto:contenidos@flisolbogota.org\"><b> contenidos@flisolbogota.org<\/b><\/a><\/p>\n<p>[\/et_pb_accordion_item][et_pb_accordion_item title=\u00bb\u00bfSe grabaran las charlas ?\u00bb open_toggle_text_color=\u00bb#00a1cb\u00bb open_toggle_background_color=\u00bb#ffffff\u00bb closed_toggle_text_color=\u00bb#ffffff\u00bb closed_toggle_background_color=\u00bb#00a1cb\u00bb icon_color=\u00bb#ffffff\u00bb use_icon_font_size=\u00bbon\u00bb icon_font_size=\u00bb18px\u00bb _builder_version=\u00bb4.2.2&#8243; toggle_text_color=\u00bb#666666&#8243; toggle_level=\u00bbh5&#8243; toggle_font=\u00bbLato|||on|||||\u00bb closed_toggle_font=\u00bbLato|900||on|||||\u00bb open=\u00bboff\u00bb]<\/p>\n<p>Si, se trata de grabar lo mas posible el contenido del FLISol y realizar streaming, este contenido se registrara bajo la licencia de Creative Commons<\/p>\n<p>[\/et_pb_accordion_item][et_pb_accordion_item title=\u00bbTengo requerimientos especiales para mi charla o taller. \u00bfQue debo hacer ?\u00bb open_toggle_text_color=\u00bb#00a1cb\u00bb open_toggle_background_color=\u00bb#ffffff\u00bb closed_toggle_text_color=\u00bb#ffffff\u00bb closed_toggle_background_color=\u00bb#00a1cb\u00bb icon_color=\u00bb#ffffff\u00bb use_icon_font_size=\u00bbon\u00bb icon_font_size=\u00bb18px\u00bb _builder_version=\u00bb4.2.2&#8243; toggle_text_color=\u00bb#666666&#8243; toggle_level=\u00bbh5&#8243; toggle_font=\u00bbLato|||on|||||\u00bb closed_toggle_font=\u00bbLato|900||on|||||\u00bb open=\u00bboff\u00bb]<\/p>\n<p>Escrcibenos al correo <a href=\"mailto:contenidos@flisolbogota.org\"><b> contenidos@flisolbogota.org<\/b><\/a> con toda la informaci\u00f3n necesaria para organizar la logistica de tu charla o taller.\u00a0 No olvides mencionar tu nombre y cual es la charla o taller que daras. <\/p>\n<p>[\/et_pb_accordion_item][\/et_pb_accordion][\/et_pb_column][\/et_pb_row][\/et_pb_section][et_pb_section fb_built=\u00bb1&#8243; _builder_version=\u00bb4.2.2&#8243;][\/et_pb_section]<\/p>\n","protected":false},"excerpt":{"rendered":"<p>Informaci\u00f3n para conferencistas y talleristas Fechas importantes Lunes 13 de enero de 2020: Apertura de recepci\u00f3n de charlas y talleres para la versi\u00f3n 2020 del FLISol. S\u00e1bado 15 de febrero de 2020: Cierre de recepci\u00f3n de charlas y talleres &nbsp; Preguntas frecuentes Las charlas y talleres seleccionados se anunciaran 20 d\u00edas despu\u00e9s del cierre de [&hellip;]<\/p>\n","protected":false},"author":7,"featured_media":229732,"parent":0,"menu_order":0,"comment_status":"closed","ping_status":"closed","template":"","meta":{"_et_pb_use_builder":"on","_et_pb_old_content":"","_et_gb_content_width":"","inline_featured_image":false,"footnotes":""},"class_list":["post-229726","page","type-page","status-publish","has-post-thumbnail","hentry"],"_links":{"self":[{"href":"https:\/\/flisolbogota.org\/2020\/wp-json\/wp\/v2\/pages\/229726","targetHints":{"allow":["GET"]}}],"collection":[{"href":"https:\/\/flisolbogota.org\/2020\/wp-json\/wp\/v2\/pages"}],"about":[{"href":"https:\/\/flisolbogota.org\/2020\/wp-json\/wp\/v2\/types\/page"}],"author":[{"embeddable":true,"href":"https:\/\/flisolbogota.org\/2020\/wp-json\/wp\/v2\/users\/7"}],"replies":[{"embeddable":true,"href":"https:\/\/flisolbogota.org\/2020\/wp-json\/wp\/v2\/comments?post=229726"}],"version-history":[{"count":0,"href":"https:\/\/flisolbogota.org\/2020\/wp-json\/wp\/v2\/pages\/229726\/revisions"}],"wp:featuredmedia":[{"embeddable":true,"href":"https:\/\/flisolbogota.org\/2020\/wp-json\/wp\/v2\/media\/229732"}],"wp:attachment":[{"href":"https:\/\/flisolbogota.org\/2020\/wp-json\/wp\/v2\/media?parent=229726"}],"curies":[{"name":"wp","href":"https:\/\/api.w.org\/{rel}","templated":true}]}}