{"id":230242,"date":"2020-03-14T12:14:31","date_gmt":"2020-03-14T17:14:31","guid":{"rendered":"https:\/\/flisolbogota.org\/2020\/?page_id=230242"},"modified":"2020-03-14T13:51:46","modified_gmt":"2020-03-14T18:51:46","slug":"comunicado-covid19-flisol-bogota","status":"publish","type":"page","link":"https:\/\/flisolbogota.org\/2020\/comunicado-covid19-flisol-bogota\/","title":{"rendered":"Comunicado COVID19 &#8211; Flisol Bogot\u00e1"},"content":{"rendered":"<p>[et_pb_section fb_built=\u00bb1&#8243; fullwidth=\u00bbon\u00bb _builder_version=\u00bb4.3.2&#8243; background_enable_color=\u00bboff\u00bb locked=\u00bboff\u00bb][et_pb_fullwidth_post_title meta=\u00bboff\u00bb featured_image=\u00bboff\u00bb _builder_version=\u00bb4.3.2&#8243; title_font=\u00bbLato|900||on|||||\u00bb title_text_align=\u00bbright\u00bb title_text_color=\u00bb#ffffff\u00bb title_font_size=\u00bb39px\u00bb background_color=\u00bb#4e2394&#8243; background_enable_image=\u00bboff\u00bb custom_padding=\u00bb112px||112px||true|false\u00bb][\/et_pb_fullwidth_post_title][\/et_pb_section][et_pb_section fb_built=\u00bb1&#8243; _builder_version=\u00bb4.2.2&#8243; custom_padding=\u00bb||152px|||\u00bb][et_pb_row _builder_version=\u00bb4.2.2&#8243;][et_pb_column type=\u00bb4_4&#8243; _builder_version=\u00bb4.2.2&#8243;][et_pb_text _builder_version=\u00bb4.3.2&#8243; text_font=\u00bbLato||||||||\u00bb text_font_size=\u00bb20px\u00bb header_2_font=\u00bbLato|800||on|||||\u00bb header_2_text_color=\u00bb#f18d05&#8243; header_2_line_height=\u00bb1.3em\u00bb header_3_font=\u00bb|800|||||||\u00bb header_3_text_align=\u00bbcenter\u00bb header_3_text_color=\u00bb#d0d102&#8243; header_3_font_size=\u00bb30px\u00bb header_3_letter_spacing=\u00bb3px\u00bb header_3_line_height=\u00bb1.3em\u00bb hover_enabled=\u00bb0&#8243;]<\/p>\n<h2>Comunicado 1<\/h2>\n<p>El equipo organizador del <strong>Flisol Bogot\u00e1 2020<\/strong>, acompa\u00f1amos, acatamos y apoyamos las medidas tomadas por la Alcald\u00eda de Bogot\u00e1 (aplazar eventos masivos de m\u00e1s de 500 personas) junto con el Ministerio de Salud Nacional\u00a0 y las autoridades nacionales para proteger la salud, el bienestar y la vida de los colombianos, por tal motivo hemos decidido aplazar nuestra actividad y unirnos de manera conjunta al<strong> Software Freedom Day Bogot\u00e1 2020<\/strong>.<\/p>\n<p>El d\u00eda <strong>25 de Abril de 2020<\/strong> realizaremos sesiones virtuales que nos es de inter\u00e9s para la comunidad en general utilizando tecnolog\u00edas Libres y\u00a0 Abiertas.<\/p>\n<p>Esperamos que todo el tema de salud p\u00fablica en nuestra ciudad mejore y tambi\u00e9n la situaci\u00f3n Global, por lo cual recomendamos:<\/p>\n<ul>\n<li>No promover el p\u00e1nico colectivo.<\/li>\n<li>Evitar al m\u00e1ximo asistir a eventos masivos.<\/li>\n<li>Lavarte cada 3 horas las manos (y cara) con jab\u00f3n y agua.<\/li>\n<li>Evitar lugares masivos.<\/li>\n<li>En caso presentar un cuadro gripal y usar tapabocas.<\/li>\n<li>Evitar toser y estornudar en p\u00fablico o hacerlo sobre el brazo o un elemento desechable.<\/li>\n<li>Usar tapabocas cuando presente sintomatolog\u00eda de enfermedad respiratoria.<\/li>\n<li>Evitar tocarse cara.<\/li>\n<li>Evitar el contacto con personas enfermas de gripa.<\/li>\n<li>Saludar sin contacto f\u00edsico.<\/li>\n<li>Limpiar y desinfectar los objetos y las superficies que se tocan frecuentemente.<\/li>\n<li>Desechar en un sitio seguro los tapabocas y dem\u00e1s elementos de protecci\u00f3n personal utilizados.<\/li>\n<\/ul>\n<p>* Fuente: MinSalud Colombia<\/p>\n<p>Si presentas alg\u00fan <a href=\"https:\/\/d2jsqrio60m94k.cloudfront.net\/CORONAVIRUS%20(COVID-19)_files\/Covid-19-4.jpg\" target=\"_blank\" rel=\"noopener noreferrer\">s\u00edntoma<\/a>, te recomendamos reportarlo en el Aplicativo Distrital Autoevaluaci\u00f3n para Coronavirus de la Alcald\u00eda Mayor de Bogot\u00e1 en: <a href=\"http:\/\/tramitesenlinea.saludcapital.gov.co\/covid-19\/\" target=\"_blank\" rel=\"noopener noreferrer\">http:\/\/tramitesenlinea.saludcapital.gov.co\/covid-19\/<\/a><\/p>\n<p>El Ministerio de Salud y Protecci\u00f3n Social dispone de una l\u00ednea telef\u00f3nica gratuita a nivel nacional <strong>018000 955590<\/strong> y en Bogot\u00e1 <strong>3305041<\/strong> para la atenci\u00f3n de preguntas sobre coronavirus.<\/p>\n<h3>Gracias por tu comprensi\u00f3n!<\/h3>\n<p>&nbsp;<\/p>\n<p>&nbsp;<\/p>\n<p>[\/et_pb_text][\/et_pb_column][\/et_pb_row][\/et_pb_section]<\/p>\n","protected":false},"excerpt":{"rendered":"<p>Comunicado 1 El equipo organizador del Flisol Bogot\u00e1 2020, acompa\u00f1amos, acatamos y apoyamos las medidas tomadas por la Alcald\u00eda de Bogot\u00e1 (aplazar eventos masivos de m\u00e1s de 500 personas) junto con el Ministerio de Salud Nacional\u00a0 y las autoridades nacionales para proteger la salud, el bienestar y la vida de los colombianos, por tal motivo [&hellip;]<\/p>\n","protected":false},"author":1,"featured_media":230249,"parent":0,"menu_order":0,"comment_status":"closed","ping_status":"closed","template":"","meta":{"_et_pb_use_builder":"on","_et_pb_old_content":"","_et_gb_content_width":"","inline_featured_image":false,"footnotes":""},"class_list":["post-230242","page","type-page","status-publish","has-post-thumbnail","hentry"],"_links":{"self":[{"href":"https:\/\/flisolbogota.org\/2020\/wp-json\/wp\/v2\/pages\/230242","targetHints":{"allow":["GET"]}}],"collection":[{"href":"https:\/\/flisolbogota.org\/2020\/wp-json\/wp\/v2\/pages"}],"about":[{"href":"https:\/\/flisolbogota.org\/2020\/wp-json\/wp\/v2\/types\/page"}],"author":[{"embeddable":true,"href":"https:\/\/flisolbogota.org\/2020\/wp-json\/wp\/v2\/users\/1"}],"replies":[{"embeddable":true,"href":"https:\/\/flisolbogota.org\/2020\/wp-json\/wp\/v2\/comments?post=230242"}],"version-history":[{"count":5,"href":"https:\/\/flisolbogota.org\/2020\/wp-json\/wp\/v2\/pages\/230242\/revisions"}],"predecessor-version":[{"id":230258,"href":"https:\/\/flisolbogota.org\/2020\/wp-json\/wp\/v2\/pages\/230242\/revisions\/230258"}],"wp:featuredmedia":[{"embeddable":true,"href":"https:\/\/flisolbogota.org\/2020\/wp-json\/wp\/v2\/media\/230249"}],"wp:attachment":[{"href":"https:\/\/flisolbogota.org\/2020\/wp-json\/wp\/v2\/media?parent=230242"}],"curies":[{"name":"wp","href":"https:\/\/api.w.org\/{rel}","templated":true}]}}