{"id":117,"date":"2019-10-23T20:31:47","date_gmt":"2019-10-24T01:31:47","guid":{"rendered":"https:\/\/flisolbogota.org\/2021\/?page_id=117"},"modified":"2021-03-21T10:33:06","modified_gmt":"2021-03-21T15:33:06","slug":"registro-de-instaladores","status":"publish","type":"page","link":"https:\/\/flisolbogota.org\/2021\/registro-de-instaladores\/","title":{"rendered":"Registro de instaladores"},"content":{"rendered":"<p>[et_pb_section fb_built=\u00bb1&#8243; fullwidth=\u00bbon\u00bb _builder_version=\u00bb4.9.1&#8243; locked=\u00bboff\u00bb][et_pb_fullwidth_post_title meta=\u00bboff\u00bb featured_image=\u00bboff\u00bb _builder_version=\u00bb4.9.1&#8243; title_font=\u00bbLato|900||on|||||\u00bb title_text_align=\u00bbright\u00bb title_text_color=\u00bb#ffffff\u00bb title_font_size=\u00bb39px\u00bb background_image=\u00bbhttps:\/\/flisolbogota.org\/2021\/wp-content\/uploads\/sites\/6\/2020\/02\/install_zone.png\u00bb parallax=\u00bbon\u00bb parallax_method=\u00bboff\u00bb custom_padding=\u00bb112px||112px||true|false\u00bb][\/et_pb_fullwidth_post_title][\/et_pb_section][et_pb_section fb_built=\u00bb1&#8243; _builder_version=\u00bb4.9.1&#8243; _module_preset=\u00bbdefault\u00bb][et_pb_row column_structure=\u00bb2_5,3_5&#8243; _builder_version=\u00bb4.9.1&#8243; _module_preset=\u00bbdefault\u00bb][et_pb_column type=\u00bb2_5&#8243; _builder_version=\u00bb4.9.1&#8243; _module_preset=\u00bbdefault\u00bb][et_pb_text _builder_version=\u00bb4.9.1&#8243; text_font_size=\u00bb12px\u00bb width=\u00bb98.1%\u00bb custom_margin_tablet=\u00bb\u00bb custom_margin_phone=\u00bb|||10px|false|false\u00bb custom_margin_last_edited=\u00bbon|phone\u00bb hover_enabled=\u00bb0&#8243; sticky_enabled=\u00bb0&#8243;]<\/p>\n<h2>Ayudanos a que mas personas usen software libre<\/h2>\n<p><strong>TE EN CUENTA QUE:<\/strong><\/p>\n<p>1. Se realizara una jornada de socializaci\u00f3n de alcances de la jornada de instalaci\u00f3n, donde se tocaran los temas de alcances metodolog\u00edas y procedimientos que la comunidad aspira a lograr en la jornada,<b> el d\u00eda de la reuni\u00f3n virtual para instaladores desarrollara el d\u00eda 24 de Abril en el campus virtual \ud83d\udc47<\/b><\/p>\n<p>[\/et_pb_text][et_pb_button button_url=\u00bbhttps:\/\/meet.jit.si\/instaladores\u00bb url_new_window=\u00bbon\u00bb button_text=\u00bbCampus virtual\u00bb _builder_version=\u00bb4.9.1&#8243; _module_preset=\u00bbdefault\u00bb custom_button=\u00bbon\u00bb button_text_color=\u00bb#FFFFFF\u00bb button_bg_color=\u00bb#f78620&#8243; button_icon=\u00bb%%36%%\u00bb][\/et_pb_button][\/et_pb_column][et_pb_column type=\u00bb3_5&#8243; _builder_version=\u00bb4.9.1&#8243; _module_preset=\u00bbdefault\u00bb][et_pb_code _builder_version=\u00bb4.9.1&#8243;][contact-form-7 id=\u00bb230158&#8243; title=\u00bbRegistro Instaladores\u00bb][\/et_pb_code][\/et_pb_column][\/et_pb_row][\/et_pb_section]<\/p>\n","protected":false},"excerpt":{"rendered":"<p>Ayudanos a que mas personas usen software libre TE EN CUENTA QUE: 1. Se realizara una jornada de socializaci\u00f3n de alcances de la jornada de instalaci\u00f3n, donde se tocaran los temas de alcances metodolog\u00edas y procedimientos que la comunidad aspira a lograr en la jornada, el d\u00eda de la reuni\u00f3n virtual para instaladores desarrollara el [&hellip;]<\/p>\n","protected":false},"author":5,"featured_media":0,"parent":0,"menu_order":0,"comment_status":"closed","ping_status":"closed","template":"","meta":{"_et_pb_use_builder":"on","_et_pb_old_content":"","_et_gb_content_width":"","inline_featured_image":false,"footnotes":""},"class_list":["post-117","page","type-page","status-publish","hentry"],"_links":{"self":[{"href":"https:\/\/flisolbogota.org\/2021\/wp-json\/wp\/v2\/pages\/117","targetHints":{"allow":["GET"]}}],"collection":[{"href":"https:\/\/flisolbogota.org\/2021\/wp-json\/wp\/v2\/pages"}],"about":[{"href":"https:\/\/flisolbogota.org\/2021\/wp-json\/wp\/v2\/types\/page"}],"author":[{"embeddable":true,"href":"https:\/\/flisolbogota.org\/2021\/wp-json\/wp\/v2\/users\/5"}],"replies":[{"embeddable":true,"href":"https:\/\/flisolbogota.org\/2021\/wp-json\/wp\/v2\/comments?post=117"}],"version-history":[{"count":15,"href":"https:\/\/flisolbogota.org\/2021\/wp-json\/wp\/v2\/pages\/117\/revisions"}],"predecessor-version":[{"id":230599,"href":"https:\/\/flisolbogota.org\/2021\/wp-json\/wp\/v2\/pages\/117\/revisions\/230599"}],"wp:attachment":[{"href":"https:\/\/flisolbogota.org\/2021\/wp-json\/wp\/v2\/media?parent=117"}],"curies":[{"name":"wp","href":"https:\/\/api.w.org\/{rel}","templated":true}]}}