{"id":1021,"date":"2023-04-05T03:46:52","date_gmt":"2023-04-05T08:46:52","guid":{"rendered":"https:\/\/flisolbogota.org\/2023\/?page_id=1021"},"modified":"2023-04-05T11:58:14","modified_gmt":"2023-04-05T16:58:14","slug":"afiche-del-festival","status":"publish","type":"page","link":"https:\/\/flisolbogota.org\/2023\/afiche-del-festival\/","title":{"rendered":"CONVOCATORIA AFICHE DEL FESTIVAL"},"content":{"rendered":"\n<div class=\"wp-block-columns has-link-color wp-elements-2a686859b3c33c7366eb255a8a1c653c is-layout-flex wp-container-core-columns-is-layout-28f84493 wp-block-columns-is-layout-flex\">\n<div class=\"wp-block-column is-layout-flow wp-block-column-is-layout-flow\">\n<div style=\"height:30px\" aria-hidden=\"true\" class=\"wp-block-spacer\"><\/div>\n\n\n\n<p><strong>INFORMACI\u00d3N GENERAL<\/strong><\/p>\n\n\n\n<div style=\"height:30px\" aria-hidden=\"true\" class=\"wp-block-spacer\"><\/div>\n\n\n\n<p>Buscamos un \u201clindo traje\u201d para la versi\u00f3n 19\u00b0 FLISoL Bogot\u00e1 DC 2023 \u201c<em>Software para la vida<\/em>\u201d ,es por ello que convocamos abiertamente a personas con destrezas gr\u00e1ficas y creativas para desarrollar el afiche oficial de nuestro festival, pieza que ser\u00e1 la&nbsp;fuente para la composici\u00f3n gr\u00e1fica y&nbsp; multimedia del las publicaciones que adaptaremos en nuestras plataformas de difusi\u00f3n.<\/p>\n\n\n\n<div style=\"height:30px\" aria-hidden=\"true\" class=\"wp-block-spacer\"><\/div>\n\n\n\n<p>Se otorgar\u00e1 un (1) reconocimiento econ\u00f3mico de QUINIENTOS MIL DE PESOS ($ 500.000) a la propuesta seleccionada.<\/p>\n\n\n\n<div style=\"height:30px\" aria-hidden=\"true\" class=\"wp-block-spacer\"><\/div>\n\n\n\n<p>La convocatoria abre el d\u00eda 5 de Abril a las 9:00 hrs UTC -5.<\/p>\n\n\n\n<div style=\"height:30px\" aria-hidden=\"true\" class=\"wp-block-spacer\"><\/div>\n\n\n\n<p><strong>BASES DE LA CONVOCATORIA<\/strong><\/p>\n\n\n\n<div style=\"height:30px\" aria-hidden=\"true\" class=\"wp-block-spacer\"><\/div>\n\n\n\n<p>Podr\u00e1n participar personas mayores de 14 a\u00f1os, nacionales y extranjeros residentes del \u00e1rea metropolitana de Bogot\u00e1.<\/p>\n\n\n\n<div style=\"height:30px\" aria-hidden=\"true\" class=\"wp-block-spacer\"><\/div>\n\n\n\n<p>El dise\u00f1o propuesto debe:<\/p>\n\n\n\n<div style=\"height:30px\" aria-hidden=\"true\" class=\"wp-block-spacer\"><\/div>\n\n\n\n<ul class=\"wp-block-list\">\n<li>Ser producido con Software Libre, presentado en formato SVG editable y organizado por capas.<\/li>\n\n\n\n<li>El \u00e1rea de p\u00e1gina debe tener relaci\u00f3n de aspecto 9:16 (formato vertical) con una resoluci\u00f3n de 1440 x 2560.<\/li>\n\n\n\n<li>Mencionar los programas utilizados en su realizaci\u00f3n. Se aceptan propuestas que hagan uso de Inteligencia Artificial, siempre y cuando no superen un 40% de la composici\u00f3n de la pieza total.<\/li>\n\n\n\n<li>Ser originales e in\u00e9ditos (que no hayan sido nunca publicados o dados a conocer al p\u00fablico).<\/li>\n\n\n\n<li>Debe representar el lema: \u201cSoftware para la vida\u201d compuesto por sus tres elementos: el bienestar social, el cuidado del planeta y la producci\u00f3n de riqueza descentralizada. Puedes encontrar contexto&nbsp; sobre estos t\u00e9rminos en el <a href=\"#anexo_1\"><u>[anexo 1<\/u><\/a>] de esta convocatoria.<\/li>\n\n\n\n<li>Consultar la <em>Presentaci<\/em><em>\u00f3n del festival<\/em>&nbsp;<a href=\"#anexo_2\"><u>[anexo 2]<\/u><\/a> para componer la propuesta conceptual del afiche.<\/li>\n\n\n\n<li>Contener el&nbsp; logo&nbsp; de esta versi\u00f3n del festival \u201c19\u00aa&nbsp;FLISoL Bogot\u00e1 DC 2023\u201d<a href=\"#anexo_3\"><u>[anexo_3]<\/u><\/a>.<\/li>\n\n\n\n<li>Mencionar la fecha del Festival: del 22&nbsp; de Abril al 6 de Mayo del&nbsp; 2023.<\/li>\n\n\n\n<li>Considerar espacio para cr\u00e9ditos (logos).<\/li>\n\n\n\n<li>F\u00e1cilmente adaptable a formato horizontal&nbsp; y cuadrado.<\/li>\n\n\n\n<li>Contar con una licencia <a href=\"https:\/\/creativecommons.org\/licenses\/by-sa\/2.5\/co\/\"><u>Atribuci\u00f3n-CompartirIgual 2.5 Colombia (CC BY-SA 2.5 CO)<\/u><\/a> incluida en el archivo SVG enviado en la propuesta.<\/li>\n<\/ul>\n\n\n\n<div style=\"height:30px\" aria-hidden=\"true\" class=\"wp-block-spacer\"><\/div>\n\n\n\n<p>Nota: El incumplimiento \u00f3 ausencia de alguno de los t\u00e9rminos anteriormente expuestos, inhabilitaran la propuesta. Considera realizar cualquier pregunta en <a href=\"mailto:convocatorias@flisolbogota.org,\"><u>convocatorias@flisolbogota.org,<\/u><\/a> antes de enviar t\u00fa propuesta.<\/p>\n\n\n\n<div style=\"height:30px\" aria-hidden=\"true\" class=\"wp-block-spacer\"><\/div>\n\n\n\n<p><strong>PROCESO DE SELECCI\u00d3N<\/strong><\/p>\n\n\n\n<div style=\"height:30px\" aria-hidden=\"true\" class=\"wp-block-spacer\"><\/div>\n\n\n\n<p>Recibiremos propuestas hasta las 17:00 horas del 12 de Abril del 2023. Las propuestas que lleguen antes de esa hora quedan habilitadas para la <strong>fase de preselecci<\/strong><strong>\u00f3n<\/strong>, a cargo del Equipo de Producci\u00f3n, quien verificara el cumplimiento de los t\u00e9rminos de la convocatoria, esta culminara a las 17:00 horas del 13 de Abril. Luego de este momento comienza la <strong>fase de selecci<\/strong><strong>\u00f3n<\/strong>, donde la comunidad podr\u00e1 escoger la opci\u00f3n de su preferencia a trav\u00e9s de su voto en nuestro canal social matrix\/element\u00a0 <a href=\"https:\/\/app.element.io\/#\/room\/#chat-flisolbogotadc:matrix.org\"><u>https:\/\/app.element.io\/#\/room\/#chat-flisolbogotadc:matrix.org<\/u><\/a>. Las votaciones estar\u00e1n disponibles hasta las 17:00 horas del d\u00eda 16 de Abril.<\/p>\n\n\n\n<div style=\"height:30px\" aria-hidden=\"true\" class=\"wp-block-spacer\"><\/div>\n\n\n\n<p>La propuesta seleccionada ser\u00e1 contactada por el equipo de producci\u00f3n para coordinar una entrevista y la entrega del reconocimiento econ\u00f3mico.<\/p>\n\n\n\n<div style=\"height:30px\" aria-hidden=\"true\" class=\"wp-block-spacer\"><\/div>\n\n\n\n<p><strong>FECHAS DESTACADAS:<\/strong><\/p>\n\n\n\n<div style=\"height:30px\" aria-hidden=\"true\" class=\"wp-block-spacer\"><\/div>\n\n\n\n<figure class=\"wp-block-table\"><table><tbody><tr><td><strong>Fecha apertura de la<\/strong><strong>Convocatoria<\/strong><strong><\/strong><\/td><td>&nbsp; 5 de Abril&nbsp;&nbsp;&nbsp; 9:00 hrs UTC -5.<\/td><\/tr><tr><td><strong>Cierre recepci\u00f3n de propuestas<\/strong><\/td><td>12 de Abril 17:00 hrs&nbsp; UTC-5<\/td><\/tr><tr><td><strong>Cierre y anuncio del proceso de preselecci<\/strong><strong>\u00f3n<\/strong><\/td><td>13 de Abril&nbsp;17:00 hrs&nbsp; UTC-5<\/td><\/tr><tr><td><strong>Cierre del proceso de selecci<\/strong><strong>\u00f3n<\/strong><\/td><td>&nbsp;16 de Abril 17:00 hrs&nbsp; UTC-5<\/td><\/tr><tr><td><strong>Publicaci\u00f3n de Resultados Afiche Seleccionado<\/strong><\/td><td>16 de Abril&nbsp; 17:30 hrs UTC-5<\/td><\/tr><\/tbody><\/table><\/figure>\n\n\n\n<div style=\"height:30px\" aria-hidden=\"true\" class=\"wp-block-spacer\"><\/div>\n\n\n\n<p><strong>CRITERIOS DE PRESELECCI\u00d3N<\/strong><\/p>\n\n\n\n<div style=\"height:30px\" aria-hidden=\"true\" class=\"wp-block-spacer\"><\/div>\n\n\n\n<figure class=\"wp-block-table\"><table><tbody><tr><td><strong>CRITERIO<\/strong><\/td><td><strong>PUNTAJE<\/strong><\/td><\/tr><tr><td>Originalidad y pertinencia<\/td><td>40<\/td><\/tr><tr><td>Claridad de la informaci\u00f3n y Uso adecuado del espacio &nbsp;<\/td><td>30<\/td><\/tr><tr><td>Calidad visual<\/td><td>30<\/td><\/tr><\/tbody><\/table><\/figure>\n\n\n\n<div style=\"height:30px\" aria-hidden=\"true\" class=\"wp-block-spacer\"><\/div>\n\n\n\n<p><strong>Nota: <\/strong>pasar\u00e1n al proceso de selecci\u00f3n aquellas propuestas con un puntaje mayor o igual al 70 puntos.<\/p>\n\n\n\n<div style=\"height:30px\" aria-hidden=\"true\" class=\"wp-block-spacer\"><\/div>\n\n\n\n<p>Beneficio<strong>:<\/strong><\/p>\n\n\n\n<div style=\"height:30px\" aria-hidden=\"true\" class=\"wp-block-spacer\"><\/div>\n\n\n\n<p>La propuesta ganadora recibir\u00e1 un reconocimiento econ\u00f3mico de <strong>QUINIENTOS MIL PESOS MCTE ($500.000). <\/strong>La persona que represente dicha propuesta, tendr\u00e1 la opci\u00f3n de integrarse al Equipo de Difusi\u00f3n como colaborador\/a, donde podr\u00e1 participar derivando piezas del afiche para vestir las redes sociales, acompa\u00f1ar publicaciones, entre otros.<\/p>\n\n\n\n<div style=\"height:30px\" aria-hidden=\"true\" class=\"wp-block-spacer\"><\/div>\n\n\n\n<p><strong>Forma de entrega de los dise\u00f1os:<\/strong><\/p>\n\n\n\n<div style=\"height:30px\" aria-hidden=\"true\" class=\"wp-block-spacer\"><\/div>\n\n\n\n<p>Las propuestas deben ser enviadas al correo <a href=\"mailto:afiche@flisolbogota.org,\">afiche@flisolbogota.org,<\/a> con el asunto \u201cAFICHE 2023 \u2013 NOMBRES Y APELLIDO DEL CONCURSANTE \u201ccon la siguiente informaci\u00f3n:<\/p>\n\n\n\n<div style=\"height:30px\" aria-hidden=\"true\" class=\"wp-block-spacer\"><\/div>\n\n\n\n<ul class=\"wp-block-list\">\n<li>Nombre de la propuesta<\/li>\n\n\n\n<li>Descripci\u00f3n de la propuesta<\/li>\n\n\n\n<li>Nombre del participante<\/li>\n\n\n\n<li>N\u00famero de identificaci\u00f3n personal<\/li>\n\n\n\n<li>N\u00famero de contacto<\/li>\n\n\n\n<li>Descripci\u00f3n del perfil personal<\/li>\n\n\n\n<li>Anexo-1: archivo PDF de la propuesta<\/li>\n\n\n\n<li>Anexo-2: archivo SVG de la propuesta<\/li>\n<\/ul>\n\n\n\n<div style=\"height:30px\" aria-hidden=\"true\" class=\"wp-block-spacer\"><\/div>\n\n\n\n<p>Una vez enviado el correo y en el momento de verificar su informaci\u00f3n, recibir\u00e1 un acuse de recibido,&nbsp; cuando el correo haya sido validado por nuestro equipo.<\/p>\n\n\n\n<div style=\"height:30px\" aria-hidden=\"true\" class=\"wp-block-spacer\"><\/div>\n\n\n\n<p><strong>Anexos<\/strong><\/p>\n\n\n\n<div style=\"height:30px\" aria-hidden=\"true\" class=\"wp-block-spacer\"><\/div>\n\n\n\n<p><a id=\"anexo_1\">[anexo 1]<\/a>&nbsp; <a href=\"https:\/\/flisolbogota.org\/2023\/2023\/02\/14\/yo-%e2%9d%a4-el-software-libre\/\"><u>\u201c Yo <\/u><u>\u2764<\/u><u> el Software Libre\u201d<\/u><\/a><\/p>\n\n\n\n<div style=\"height:30px\" aria-hidden=\"true\" class=\"wp-block-spacer\"><\/div>\n\n\n\n<p><a id=\"anexo_2\">[anexo 2]<\/a>&nbsp;<a href=\"https:\/\/flisolbogota.org\/2023\/presentacion-del-festival\/\"><u>PRESENTACI\u00d3N DEL FESTIVAL<\/u><\/a><\/p>\n\n\n\n<div style=\"height:30px\" aria-hidden=\"true\" class=\"wp-block-spacer\"><\/div>\n\n\n\n<p><a id=\"anexo_3\">[anexo 3]<\/a>&nbsp;<a href=\"https:\/\/flisol.info\/FLISOL2023\/Colombia\/Bogota\/SoftwareParaLaVida?action=AttachFile&amp;do=view&amp;target=logo_flisobdc_2023.svg\"><u>Logo marca 19\u00b0 Edici<\/u><u>\u00f3n<\/u><\/a><\/p>\n\n\n\n<div style=\"height:151px\" aria-hidden=\"true\" class=\"wp-block-spacer\"><\/div>\n<\/div>\n<\/div>\n","protected":false},"excerpt":{"rendered":"<p>INFORMACI\u00d3N GENERAL Buscamos un \u201clindo traje\u201d para la versi\u00f3n 19\u00b0 FLISoL Bogot\u00e1 DC 2023 \u201cSoftware para la vida\u201d ,es por ello que convocamos abiertamente a personas con destrezas gr\u00e1ficas y creativas para desarrollar el afiche oficial de nuestro festival, pieza que ser\u00e1 la&nbsp;fuente para la composici\u00f3n gr\u00e1fica y&nbsp; multimedia del las publicaciones que adaptaremos en [&hellip;]<\/p>\n","protected":false},"author":15,"featured_media":1030,"parent":0,"menu_order":0,"comment_status":"closed","ping_status":"closed","template":"wp-custom-template-publicaciones","meta":{"inline_featured_image":false,"footnotes":""},"class_list":["post-1021","page","type-page","status-publish","has-post-thumbnail","hentry"],"_links":{"self":[{"href":"https:\/\/flisolbogota.org\/2023\/wp-json\/wp\/v2\/pages\/1021","targetHints":{"allow":["GET"]}}],"collection":[{"href":"https:\/\/flisolbogota.org\/2023\/wp-json\/wp\/v2\/pages"}],"about":[{"href":"https:\/\/flisolbogota.org\/2023\/wp-json\/wp\/v2\/types\/page"}],"author":[{"embeddable":true,"href":"https:\/\/flisolbogota.org\/2023\/wp-json\/wp\/v2\/users\/15"}],"replies":[{"embeddable":true,"href":"https:\/\/flisolbogota.org\/2023\/wp-json\/wp\/v2\/comments?post=1021"}],"version-history":[{"count":13,"href":"https:\/\/flisolbogota.org\/2023\/wp-json\/wp\/v2\/pages\/1021\/revisions"}],"predecessor-version":[{"id":1038,"href":"https:\/\/flisolbogota.org\/2023\/wp-json\/wp\/v2\/pages\/1021\/revisions\/1038"}],"wp:featuredmedia":[{"embeddable":true,"href":"https:\/\/flisolbogota.org\/2023\/wp-json\/wp\/v2\/media\/1030"}],"wp:attachment":[{"href":"https:\/\/flisolbogota.org\/2023\/wp-json\/wp\/v2\/media?parent=1021"}],"curies":[{"name":"wp","href":"https:\/\/api.w.org\/{rel}","templated":true}]}}