{"id":1257,"date":"2023-04-11T11:27:57","date_gmt":"2023-04-11T16:27:57","guid":{"rendered":"https:\/\/flisolbogota.org\/2023\/?page_id=1257"},"modified":"2023-04-11T11:51:28","modified_gmt":"2023-04-11T16:51:28","slug":"convocatoria-conferencias-ponencias-y-talleres","status":"publish","type":"page","link":"https:\/\/flisolbogota.org\/2023\/convocatoria-conferencias-ponencias-y-talleres\/","title":{"rendered":"CONVOCATORIA CONFERENCIAS, PONENCIAS Y TALLERES"},"content":{"rendered":"\n<div class=\"wp-block-columns has-link-color wp-elements-ce143697d4595ddbe2eb41266d3a3502 is-layout-flex wp-container-core-columns-is-layout-28f84493 wp-block-columns-is-layout-flex\">\n<div class=\"wp-block-column is-layout-flow wp-block-column-is-layout-flow\">\n<p>Nos complace anunciar la celebraci\u00f3n del Festival Latinoamericano de Instalaci\u00f3n de Software Libre (FLISoL) en Bogot\u00e1 del 22 de Abril al 6 de Mayo del a\u00f1o 2023. Este evento anual es la oportunidad perfecta para que personas de toda la ciudad se re\u00fanan y compartan experiencias, conocimientos, y el esp\u00edritu abierto y colaborativo de la comunidad del Software Libre.<\/p>\n\n\n\n<div style=\"height:30px\" aria-hidden=\"true\" class=\"wp-block-spacer\"><\/div>\n\n\n\n<p>Desde la comunidad FLISoL Bogot\u00e1 DC, extendemos una cordial invitaci\u00f3n para que te unas al evento como conferencista, ponente&nbsp;\u00f3 tallerista. Estamos buscando personas voluntarias,&nbsp; apasionadas y conocedoras en temas relacionados al Software Libre, tecnolog\u00eda abierta, licenciamiento y practicas de la Cultura Libre, que deseen contribuir con tu experiencia a nuestra programaci\u00f3n en esta versi\u00f3n del festival. &nbsp;<\/p>\n\n\n\n<div style=\"height:30px\" aria-hidden=\"true\" class=\"wp-block-spacer\"><\/div>\n\n\n\n<p>Este a\u00f1o nos propusimos compartir esta fiesta en diferentes lugares de la ciudad y la web, proponiendo un circuito de Actividades Distribuidas por el \u00e1rea metropolitana&nbsp; y en el ciberespacio,&nbsp; junto a un gran encuentro de clausura que nos permita la juntanza y el reconocimiento mutuo.<\/p>\n\n\n\n<div style=\"height:30px\" aria-hidden=\"true\" class=\"wp-block-spacer\"><\/div>\n\n\n\n<p>\u201cSoftware para la vida\u201d&nbsp; es la premisa desde la cual priorizamos temas de relevancia global, en los que el Software Libre se convierte en un requisito indispensable para enfrentar los desaf\u00edos sociales que plantean.&nbsp;Estos temas son:<\/p>\n\n\n\n<div style=\"height:30px\" aria-hidden=\"true\" class=\"wp-block-spacer\"><\/div>\n\n\n\n<p><strong>Cambio clim\u00e1tico: <\/strong>soluciones para mitigar y adaptarse a los impactos del cambio clim\u00e1tico utilizando Software Libre.<\/p>\n\n\n\n<p><strong>Fediverso: <\/strong>soluciones \u00e9ticas de redes sociales y plataformas digitales descentralizadas.<\/p>\n\n\n\n<p><strong>Inteligencia artificial: <\/strong>desarrollos y proyectos basados en Software Libre y de C\u00f3digo abierto para impulsar avances en los distintos campos de acci\u00f3n humana como: la educaci\u00f3n, la agricultura, la industria, el comercio, el turismo, la salud, las artes entre otras.<\/p>\n\n\n\n<p><strong>Igualdad de g\u00e9nero, diversidad e inclusi\u00f3n: <\/strong>proyectos y comunidades que, a trav\u00e9s del uso de Software Libre y practicas de la Cultura Libre, promueven la igualdad de derechos y oportunidades para todas las personas, independientemente de su g\u00e9nero, orientaci\u00f3n sexual, nacionalidad, etnia o cualquier otra caracter\u00edstica que pueda dar lugar a la discriminaci\u00f3n, tanto en entornos f\u00edsicos como virtuales.<\/p>\n\n\n\n<p><strong>Bienestar digital:<\/strong> proyectos y comunidades que fomentan una cultura del balance y \u00e9tica en el uso de la tecnolog\u00eda mediante el Software Libre.<\/p>\n\n\n\n<p><strong>S<\/strong><strong>oberan\u00eda y gobernanza:<\/strong> proyectos y avances en torno a la implementaci\u00f3n de la pol\u00edtica publica del Software Libre de la ciudad por parte de la administraci\u00f3n publica, as\u00ed como, proyectos y comunidades que proponen soluciones, ejercen control social y colaboran con la administraci\u00f3n de la ciudad desde los espacios de participaci\u00f3n ciudadana.<\/p>\n\n\n\n<p><strong>Productividad:<\/strong> soluciones en el \u00e1mbito laboral y la eficiencia en la toma de decisiones.<\/p>\n\n\n\n<p><strong>Medios de comunicaci\u00f3n: <\/strong>proyectos de comunicaci\u00f3n que realizan su labor a trav\u00e9s del uso e implementaci\u00f3n de soluciones de Software Libre y practicas de la Cultura Libre, como tambi\u00e9n medios especializados que promueven estos temas en sus publicaciones.<\/p>\n\n\n\n<div style=\"height:30px\" aria-hidden=\"true\" class=\"wp-block-spacer\"><\/div>\n\n\n\n<p>Te invitamos a que compartas tus conocimientos, habilidades y pasi\u00f3n por el Software Libre \u00f3 temas afines, presentando una propuesta <strong>antes del <\/strong><strong>lunes 17 a las 17:00 horas<\/strong>, en una de las siguientes modalidades:<\/p>\n\n\n\n<div style=\"height:30px\" aria-hidden=\"true\" class=\"wp-block-spacer\"><\/div>\n\n\n\n<ol class=\"wp-block-list\">\n<li><a href=\"#Conferencias\"><u>Conferencias virtuales<\/u><\/a><\/li>\n\n\n\n<li><a href=\"#Ponencias\"><u>Ponencias<\/u><\/a><\/li>\n\n\n\n<li><a href=\"#Talleres\"><u>Talleres<\/u><\/a><\/li>\n<\/ol>\n\n\n\n<div style=\"height:30px\" aria-hidden=\"true\" class=\"wp-block-spacer\"><\/div>\n\n\n\n<p><em>*Por favor consulta la <\/em><a href=\"https:\/\/flisolbogota.onlyoffice.com\/Products\/Files\/DocEditor.aspx?fileid=8358357\" target=\"_blank\" rel=\"noreferrer noopener\"><u><em>agenda preliminar<\/em><\/u><\/a><em> para formular tu propuesta en t\u00e9rminos de fecha y hora.<\/em><\/p>\n\n\n\n<div style=\"height:50px\" aria-hidden=\"true\" class=\"wp-block-spacer\"><\/div>\n\n\n\n<p class=\"has-large-font-size\"><a href=\"#Conferencias\"><\/a><a id=\"Conferencias\"><u><strong>Conferencias virtuales<\/strong><\/u><\/a><\/p>\n\n\n\n<div style=\"height:30px\" aria-hidden=\"true\" class=\"wp-block-spacer\"><\/div>\n\n\n\n<p>El formato virtual llego para quedarse. Este es un gran recurso que nos permite agendar conferencias&nbsp; de manera flexible. Para esta din\u00e1mica, te invitamos a proponer conferencias de m\u00e1ximo&nbsp; 45 minutos, con un espacio de 15 minutos para preguntas y respuestas de los asistentes. Estas ser\u00e1n agendadas desde el 24 de abril al 5 de mayo, de lunes a viernes desde las 6:00 p.m hasta las 8:00 p.m. Se aceptar\u00e1n propuestas solo en espa\u00f1ol (esperamos ampliar esto para el siguiente a\u00f1o). La programaci\u00f3n se agendar\u00e1 teniendo en cuenta la zona horaria UTC -5. Retransmitiremos esta conferencia por redes sociales y un canal de meet.jitsi moderado, con la posibilidad de atender preguntas desde diferentes or\u00edgenes en formato de texto y audio.<\/p>\n\n\n\n<div style=\"height:30px\" aria-hidden=\"true\" class=\"wp-block-spacer\"><\/div>\n\n\n\n<p>Para aplicar, env\u00eda tu propuesta al correo <em><a href=\"mailto:conferencia@flisolbogota.org\">conferencia@flisolbogota.org<\/a><\/em> con la siguiente informaci\u00f3n:<\/p>\n\n\n\n<ol class=\"wp-block-list\">\n<li>En el asunto del correo escribe el titulo de tu propuesta.<\/li>\n\n\n\n<li>Dentro del cuerpo del correo env\u00edanos:<\/li>\n<\/ol>\n\n\n\n<ul class=\"wp-block-list\">\n<li>Introducci\u00f3n a la conferencia ( entre 50 y 150 palabras ).<\/li>\n\n\n\n<li>Imagen de referencia de la conferencia.<\/li>\n\n\n\n<li>Nombre del \u00f3 la conferencista.<\/li>\n\n\n\n<li>Pais\/Ciudad de origen.<\/li>\n\n\n\n<li>Imagen del \u00f3 la conferencista.<\/li>\n\n\n\n<li>Descripci\u00f3n de perfil del \u00f3 la conferencista&nbsp; ( entre 50 y 150 palabras )<\/li>\n\n\n\n<li>Fechas y hora con disponibilidad para presentar tu conferencia. *Agradecemos m\u00ednimo dos opciones.<\/li>\n\n\n\n<li>Un enlace de contacto: web personal, blog \u00f3 red social.<\/li>\n\n\n\n<li>Enlaces de referencias sobre la experiencia previa en el tema propuesto.<\/li>\n<\/ul>\n\n\n\n<div style=\"height:50px\" aria-hidden=\"true\" class=\"wp-block-spacer\"><\/div>\n\n\n\n<p><strong>Criterios de selecci<\/strong><strong>\u00f3n:<\/strong><\/p>\n\n\n\n<figure class=\"wp-block-table\"><table><tbody><tr><td><strong>CRITERIO<\/strong><\/td><td><strong>PUNTAJE<\/strong><\/td><\/tr><tr><td>Pertinencia y vigencia del tema propuesto.<\/td><td>30<\/td><\/tr><tr><td>Correspondencia con los temas priorizados en la convocatoria.<\/td><td>30<\/td><\/tr><tr><td>Experiencia en el tema propuesto<\/td><td>40<\/td><\/tr><\/tbody><\/table><figcaption class=\"wp-element-caption\"><strong>Nota:<\/strong> Ser\u00e1n elegibles aquellas propuestas con un puntaje mayor o igual a 70 puntos. Los espacios disponibles en agenda ser\u00e1n entregados a quienes tengan mayor puntaje y en orden descendente hasta completar la capacidad de la misma.<\/figcaption><\/figure>\n\n\n\n<div style=\"height:50px\" aria-hidden=\"true\" class=\"wp-block-spacer\"><\/div>\n\n\n\n<p class=\"has-large-font-size\"><a href=\"#Ponencias\"><u><strong>Ponencias<\/strong><\/u><\/a><a id=\"Ponencias\"><\/a><\/p>\n\n\n\n<div style=\"height:30px\" aria-hidden=\"true\" class=\"wp-block-spacer\"><\/div>\n\n\n\n<p>Para nuestro evento de clausura el 6 de mayo, deseamos resaltar catorce (14)&nbsp; historias y experiencias de vida en las que, a trav\u00e9s del uso de Software Libre, se han abordado y resuelto necesidades cotidianas, educativas, profesionales, empresariales, sociales e institucionales en Bogot\u00e1 . Con ello, se demuestra c\u00f3mo la implementaci\u00f3n del Software Libre mejora la calidad de vida de las personas, contribuye al cuidado del medio ambiente y facilita la generaci\u00f3n de riqueza.<\/p>\n\n\n\n<div style=\"height:30px\" aria-hidden=\"true\" class=\"wp-block-spacer\"><\/div>\n\n\n\n<p>Ponencias presenciales de 20 minutos de duraci\u00f3n con un espacio de 5 minutos para preguntas del auditorio, este ultimo con capacidad para 324 personas. Retransmitiremos esta ponencia por redes sociales.<\/p>\n\n\n\n<div style=\"height:30px\" aria-hidden=\"true\" class=\"wp-block-spacer\"><\/div>\n\n\n\n<p>Para aplicar, env\u00eda tu propuesta al correo <em><a href=\"mailto:ponencia@flisolbogota.org\">ponencia@flisolbogota.org<\/a><\/em> con la siguiente informaci\u00f3n:<\/p>\n\n\n\n<ol class=\"wp-block-list\">\n<li>En el asunto del correo escribe el titulo de tu propuesta.<\/li>\n\n\n\n<li>Dentro del cuerpo del correo env\u00edanos:<\/li>\n<\/ol>\n\n\n\n<ul class=\"wp-block-list\">\n<li>Introducci\u00f3n a la ponencia ( entre 50 y 150 palabras ).<\/li>\n\n\n\n<li>Imagen de referencia de la ponencia.<\/li>\n\n\n\n<li>Nombre del ponente.<\/li>\n\n\n\n<li>Pais\/Ciudad de origen.<\/li>\n\n\n\n<li>Imagen del ponente.<\/li>\n\n\n\n<li>Descripci\u00f3n de perfil del ponente&nbsp; ( entre 50 y 150 palabras )<\/li>\n\n\n\n<li>Fechas y hora con disponibilidad para presentar tu ponencia.&nbsp; *Agradecemos m\u00ednimo dos opciones.<\/li>\n\n\n\n<li>Un enlace de contacto: web personal, blog \u00f3 red social.<\/li>\n\n\n\n<li>Enlaces de referencias sobre la experiencia previa en el tema propuesto.<\/li>\n<\/ul>\n\n\n\n<div style=\"height:30px\" aria-hidden=\"true\" class=\"wp-block-spacer\"><\/div>\n\n\n\n<p><strong>Criterios de selecci<\/strong><strong>\u00f3n:<\/strong><\/p>\n\n\n\n<figure class=\"wp-block-table\"><table><tbody><tr><td><strong>CRITERIO<\/strong><\/td><td><strong>PUNTAJE<\/strong><\/td><\/tr><tr><td>Pertinencia y vigencia del tema propuesto.<\/td><td>30<\/td><\/tr><tr><td>Correspondencia con los temas priorizados en la convocatoria.<\/td><td>30<\/td><\/tr><tr><td>Experiencia en el tema propuesto<\/td><td>40<\/td><\/tr><\/tbody><\/table><figcaption class=\"wp-element-caption\"><strong>Nota:<\/strong> Ser\u00e1n elegibles aquellas propuestas con un puntaje mayor o igual a 70 puntos. Los espacios disponibles en agenda ser\u00e1n entregados a quienes tengan mayor puntaje y en orden descendente hasta completar la capacidad de la misma.<\/figcaption><\/figure>\n\n\n\n<div style=\"height:50px\" aria-hidden=\"true\" class=\"wp-block-spacer\"><\/div>\n\n\n\n<p class=\"has-large-font-size\"><a href=\"#Talleres\"><\/a><a id=\"Talleres\"><u><strong>Talleres<\/strong><\/u><\/a><\/p>\n\n\n\n<div style=\"height:30px\" aria-hidden=\"true\" class=\"wp-block-spacer\"><\/div>\n\n\n\n<p><strong><\/strong>Para este caso tenemos dos modalidades:<\/p>\n\n\n\n<div style=\"height:30px\" aria-hidden=\"true\" class=\"wp-block-spacer\"><\/div>\n\n\n\n<ol class=\"wp-block-list\">\n<li><a href=\"#Virtual\"><u>Virtual <\/u><\/a>(desde el 24 de abril al 5 de mayo)<\/li>\n\n\n\n<li><a href=\"#Presencial\"><u>Presencial<\/u><\/a> ( el 6 de mayo)<\/li>\n<\/ol>\n\n\n\n<div style=\"height:30px\" aria-hidden=\"true\" class=\"wp-block-spacer\"><\/div>\n\n\n\n<ol class=\"wp-block-list\">\n<li><a href=\"#Virtual\"><u><strong>Virtual<\/strong><\/u><\/a><\/li>\n<\/ol>\n\n\n\n<div style=\"height:30px\" aria-hidden=\"true\" class=\"wp-block-spacer\"><\/div>\n\n\n\n<p>Este es un gran recurso que nos permite agendar talleres&nbsp; de manera flexible. Para esta din\u00e1mica, te invitamos a proponer talleres de m\u00e1ximo&nbsp; 60 minutos, alternado espacio para preguntas y respuestas. Estas ser\u00e1n agendadas desde el 24 de abril al 5 de mayo, de lunes a viernes desde las 6:00 p.m hasta las 8:00 p.m. Se aceptar\u00e1n propuestas solo en espa\u00f1ol (esperamos ampliar esto para el siguiente a\u00f1o). La programaci\u00f3n se agendar\u00e1 teniendo en cuenta la zona horaria UTC -5. Retransmitiremos este taller por redes sociales y un canal de meet.jitsi moderado, con la posibilidad de atender preguntas desde diferentes or\u00edgenes en formato de texto y audio.<\/p>\n\n\n\n<ol class=\"wp-block-list\" start=\"2\">\n<li><a href=\"#Presencial\"><u><strong>Presencial<\/strong><\/u><\/a><\/li>\n<\/ol>\n\n\n\n<p>Para el evento de clausura el 6 de mayo, contamos con tres (3) espacios para talleres presenciales, de m\u00e1ximo&nbsp; 45 minutos de duraci\u00f3n, en una aula con capacidad para 25 personas.&nbsp;<\/p>\n\n\n\n<div style=\"height:30px\" aria-hidden=\"true\" class=\"wp-block-spacer\"><\/div>\n\n\n\n<p>Para aplicar en cualquiera de las dos categor\u00edas descritas , env\u00eda tu propuesta al correo <em><a href=\"mailto:taller@flisolbogota.org\">taller@flisolbogota.org<\/a><\/em> con la siguiente informaci\u00f3n:<\/p>\n\n\n\n<ol class=\"wp-block-list\">\n<li>En el asunto del correo escribe el titulo de tu propuesta.<\/li>\n\n\n\n<li>Dentro del cuerpo del correo env\u00edanos:<\/li>\n<\/ol>\n\n\n\n<ul class=\"wp-block-list\">\n<li>Categor\u00eda de tu inter\u00e9s.<\/li>\n\n\n\n<li>Introducci\u00f3n al taller ( entre 50 y 150 palabras ).<\/li>\n\n\n\n<li>Imagen de referencia del taller.<\/li>\n\n\n\n<li>Nombre del \u00f3 la tallerista.<\/li>\n\n\n\n<li>Pais\/Ciudad de origen.<\/li>\n\n\n\n<li>Imagen del \u00f3 la tellerista.<\/li>\n\n\n\n<li>Descripci\u00f3n de perfil del \u00f3 la tellerista&nbsp; ( entre 50 y 150 palabras ).<\/li>\n\n\n\n<li>Fechas y hora con disponibilidad para presentar tu taller. *Agradecemos m\u00ednimo dos opciones.<\/li>\n\n\n\n<li>Un enlace de contacto: web personal, blog \u00f3 red social.<\/li>\n\n\n\n<li>Enlaces de referencias sobre la experiencia previa en el tema propuesto.<\/li>\n<\/ul>\n\n\n\n<div style=\"height:30px\" aria-hidden=\"true\" class=\"wp-block-spacer\"><\/div>\n\n\n\n<p><strong>&nbsp;<\/strong><strong>Criterios de selecci<\/strong><strong>\u00f3n:<\/strong><\/p>\n\n\n\n<figure class=\"wp-block-table\"><table><tbody><tr><td><strong>CRITERIO<\/strong><\/td><td><strong>PUNTAJE<\/strong><\/td><\/tr><tr><td>Pertinencia y vigencia del tema propuesto.<\/td><td>30<\/td><\/tr><tr><td>Correspondencia con los temas priorizados en la convocatoria.<\/td><td>30<\/td><\/tr><tr><td>Experiencia en el tema propuesto<\/td><td>40<\/td><\/tr><\/tbody><\/table><figcaption class=\"wp-element-caption\"><strong>Nota:<\/strong> Ser\u00e1n elegibles aquellas propuestas con un puntaje mayor o igual a 70 puntos. Los espacios disponibles en agenda ser\u00e1n entregados a quienes tengan mayor puntaje y en orden descendente hasta completar la capacidad de la misma.<\/figcaption><\/figure>\n\n\n\n<div style=\"height:50px\" aria-hidden=\"true\" class=\"wp-block-spacer\"><\/div>\n\n\n\n<p class=\"has-text-align-center\"><strong>Cierre de la convocatoria:<\/strong> Lunes 17 a las 17:00 horas.<\/p>\n\n\n\n<div style=\"height:50px\" aria-hidden=\"true\" class=\"wp-block-spacer\"><\/div>\n\n\n\n<p>Al unirse a nosotros como voluntaria\/o en alguna de las anteriores actividades, estar\u00e1s contribuyendo con una causa que promueve la libertad de conocimiento y el avance tecnol\u00f3gico en Am\u00e9rica Latina.<\/p>\n\n\n\n<div style=\"height:30px\" aria-hidden=\"true\" class=\"wp-block-spacer\"><\/div>\n\n\n\n<p>No dudes en escribirnos a <a href=\"mailto:convocatorias@flisolbogota.org\">convocatorias@flisolbogota.org<\/a> si tienen alguna pregunta, comentario o sugerencia. Estamos emocionados de contar con tu apoyo e inter\u00e9s, y esperamos darte la bienvenida al FLISoL Bogot\u00e1 DC 2023.<\/p>\n\n\n\n<div style=\"height:30px\" aria-hidden=\"true\" class=\"wp-block-spacer\"><\/div>\n\n\n\n<p>\u00a1Juntos, siguiremos fortaleciendo y expandiendo el movimiento de Software Libre en nuestra ciudad!<\/p>\n\n\n\n<div style=\"height:30px\" aria-hidden=\"true\" class=\"wp-block-spacer\"><\/div>\n\n\n\n<p>Saludos cordiales,<\/p>\n\n\n\n<p>Comunidad FLISoL Bogot\u00e1 DC<\/p>\n\n\n\n<div style=\"height:100px\" aria-hidden=\"true\" class=\"wp-block-spacer\"><\/div>\n<\/div>\n<\/div>\n","protected":false},"excerpt":{"rendered":"<p>Nos complace anunciar la celebraci\u00f3n del Festival Latinoamericano de Instalaci\u00f3n de Software Libre (FLISoL) en Bogot\u00e1 del 22 de Abril al 6 de Mayo del a\u00f1o 2023. Este evento anual es la oportunidad perfecta para que personas de toda la ciudad se re\u00fanan y compartan experiencias, conocimientos, y el esp\u00edritu abierto y colaborativo de la [&hellip;]<\/p>\n","protected":false},"author":15,"featured_media":1266,"parent":0,"menu_order":0,"comment_status":"closed","ping_status":"closed","template":"wp-custom-template-publicaciones","meta":{"inline_featured_image":false,"footnotes":""},"class_list":["post-1257","page","type-page","status-publish","has-post-thumbnail","hentry"],"_links":{"self":[{"href":"https:\/\/flisolbogota.org\/2023\/wp-json\/wp\/v2\/pages\/1257","targetHints":{"allow":["GET"]}}],"collection":[{"href":"https:\/\/flisolbogota.org\/2023\/wp-json\/wp\/v2\/pages"}],"about":[{"href":"https:\/\/flisolbogota.org\/2023\/wp-json\/wp\/v2\/types\/page"}],"author":[{"embeddable":true,"href":"https:\/\/flisolbogota.org\/2023\/wp-json\/wp\/v2\/users\/15"}],"replies":[{"embeddable":true,"href":"https:\/\/flisolbogota.org\/2023\/wp-json\/wp\/v2\/comments?post=1257"}],"version-history":[{"count":11,"href":"https:\/\/flisolbogota.org\/2023\/wp-json\/wp\/v2\/pages\/1257\/revisions"}],"predecessor-version":[{"id":1272,"href":"https:\/\/flisolbogota.org\/2023\/wp-json\/wp\/v2\/pages\/1257\/revisions\/1272"}],"wp:featuredmedia":[{"embeddable":true,"href":"https:\/\/flisolbogota.org\/2023\/wp-json\/wp\/v2\/media\/1266"}],"wp:attachment":[{"href":"https:\/\/flisolbogota.org\/2023\/wp-json\/wp\/v2\/media?parent=1257"}],"curies":[{"name":"wp","href":"https:\/\/api.w.org\/{rel}","templated":true}]}}