{"id":1274,"date":"2023-04-11T18:48:21","date_gmt":"2023-04-11T23:48:21","guid":{"rendered":"https:\/\/flisolbogota.org\/2023\/?page_id=1274"},"modified":"2023-04-11T19:04:00","modified_gmt":"2023-04-12T00:04:00","slug":"actividades-distribuidas","status":"publish","type":"page","link":"https:\/\/flisolbogota.org\/2023\/actividades-distribuidas\/","title":{"rendered":"Convocatoria Actividades Distribuidas"},"content":{"rendered":"\n<div class=\"wp-block-columns has-link-color wp-elements-aa10ff6ef944e8741852cb258fee5b3a is-layout-flex wp-container-core-columns-is-layout-28f84493 wp-block-columns-is-layout-flex\">\n<div class=\"wp-block-column is-layout-flow wp-block-column-is-layout-flow\">\n<p>Bogot\u00e1 es una ciudad que supera los 10 millones de habitantes en su \u00e1rea metropolitana, por ello nuestra apuesta es pasar de un evento central de gran formato, como en a\u00f1os anteriores, a un programa de actividades distribuidas por diferentes puntos de la ciudad, con un evento de clausura de mediano formato. Si bien existen otros eventos FLISoL en la ciudad, con tem\u00e1ticas especializadas, nuestra estrategia apunta a organizar un programa de actividades bajo una misma campa\u00f1a de difusi\u00f3n, esto posibilita que los promotores centren sus esfuerzos a la gesti\u00f3n de espacios y actividades, mientras ahorran tiempo en la producci\u00f3n de una campa\u00f1a de medios.<\/p>\n\n\n\n<div style=\"height:30px\" aria-hidden=\"true\" class=\"wp-block-spacer\"><\/div>\n\n\n\n<p>Con esto, pretendemos activar nuevos puntos de acci\u00f3n en la ciudad y aumentar nuestro impacto, al tiempo que logramos un mayor n\u00famero de actividades seleccionadas.<\/p>\n\n\n\n<div style=\"height:30px\" aria-hidden=\"true\" class=\"wp-block-spacer\"><\/div>\n\n\n\n<p>Esta es un convocatoria dirigida a voluntarias\/os en calidad de promotores, que tengan la iniciativa de proponer y gestionar espacios en su localidad para la realizaci\u00f3n de actividades de instalaci\u00f3n, conferencias, talleres o presentaciones que promuevan&nbsp; la cultura del Software Libre en su localidad. Todas las propuestas suman.<\/p>\n\n\n\n<div style=\"height:30px\" aria-hidden=\"true\" class=\"wp-block-spacer\"><\/div>\n\n\n\n<p>Para aplicar&nbsp; a esta convocatoria , env\u00eda tu iniciativa al correo <a href=\"mailto:actividadesdistribuidas@flisolbogota.org\">actividadesdistribuidas@flisolbogota.org<\/a> con la siguiente informaci\u00f3n:<\/p>\n\n\n\n<div style=\"height:30px\" aria-hidden=\"true\" class=\"wp-block-spacer\"><\/div>\n\n\n\n<ol class=\"wp-block-list\">\n<li>En el asunto del correo escribe el titulo de tu propuesta.<\/li>\n\n\n\n<li>Dentro del cuerpo del correo env\u00edanos lo siguiente:<\/li>\n<\/ol>\n\n\n\n<p><strong>     Sobre el sitio:<\/strong><\/p>\n\n\n\n<ul class=\"wp-block-list\">\n<li>Nombre del lugar<\/li>\n\n\n\n<li>Direcci\u00f3n<\/li>\n\n\n\n<li>Aforo<\/li>\n\n\n\n<li>Enlaces de referencia<\/li>\n<\/ul>\n\n\n\n<p><strong>     Sobre las actividades:<\/strong><\/p>\n\n\n\n<ul class=\"wp-block-list\">\n<li>Actividades propuestas: instalaci\u00f3nes, conferencias, talleres \u00f3&nbsp; presentaciones (art\u00edsticas, proyecciones, intervenciones, etc)<\/li>\n\n\n\n<li>Descripci\u00f3n de cada una de las actividades propuestas<\/li>\n\n\n\n<li>Programaci\u00f3n con tiempo de inicio y fin por cada actividad.<\/li>\n<\/ul>\n\n\n\n<p><strong>     Sobre el promotor<\/strong>:<\/p>\n\n\n\n<ul class=\"wp-block-list\">\n<li>Nombre<\/li>\n\n\n\n<li>Correo electr\u00f3nico<\/li>\n\n\n\n<li>Numero de contacto<\/li>\n<\/ul>\n\n\n\n<div style=\"height:30px\" aria-hidden=\"true\" class=\"wp-block-spacer\"><\/div>\n\n\n\n<p>Registraremos tu Actividad Distribuida en nuestro portal web flisolbogota.org, y compartiremos tu iniciativa por redes sociales. Si vas a transmitirla, env\u00edanos el link de transmisi\u00f3n para hacerla visible en nuestra estrategia web. Agradecemos de antemano el aporte y liderazgo al prop\u00f3sito del FLISoL en Bogot\u00e1.<\/p>\n\n\n\n<div style=\"height:50px\" aria-hidden=\"true\" class=\"wp-block-spacer\"><\/div>\n<\/div>\n<\/div>\n","protected":false},"excerpt":{"rendered":"<p>Bogot\u00e1 es una ciudad que supera los 10 millones de habitantes en su \u00e1rea metropolitana, por ello nuestra apuesta es pasar de un evento central de gran formato, como en a\u00f1os anteriores, a un programa de actividades distribuidas por diferentes puntos de la ciudad, con un evento de clausura de mediano formato. Si bien existen [&hellip;]<\/p>\n","protected":false},"author":15,"featured_media":1275,"parent":0,"menu_order":0,"comment_status":"closed","ping_status":"closed","template":"wp-custom-template-publicaciones","meta":{"inline_featured_image":false,"footnotes":""},"class_list":["post-1274","page","type-page","status-publish","has-post-thumbnail","hentry"],"_links":{"self":[{"href":"https:\/\/flisolbogota.org\/2023\/wp-json\/wp\/v2\/pages\/1274","targetHints":{"allow":["GET"]}}],"collection":[{"href":"https:\/\/flisolbogota.org\/2023\/wp-json\/wp\/v2\/pages"}],"about":[{"href":"https:\/\/flisolbogota.org\/2023\/wp-json\/wp\/v2\/types\/page"}],"author":[{"embeddable":true,"href":"https:\/\/flisolbogota.org\/2023\/wp-json\/wp\/v2\/users\/15"}],"replies":[{"embeddable":true,"href":"https:\/\/flisolbogota.org\/2023\/wp-json\/wp\/v2\/comments?post=1274"}],"version-history":[{"count":2,"href":"https:\/\/flisolbogota.org\/2023\/wp-json\/wp\/v2\/pages\/1274\/revisions"}],"predecessor-version":[{"id":1282,"href":"https:\/\/flisolbogota.org\/2023\/wp-json\/wp\/v2\/pages\/1274\/revisions\/1282"}],"wp:featuredmedia":[{"embeddable":true,"href":"https:\/\/flisolbogota.org\/2023\/wp-json\/wp\/v2\/media\/1275"}],"wp:attachment":[{"href":"https:\/\/flisolbogota.org\/2023\/wp-json\/wp\/v2\/media?parent=1274"}],"curies":[{"name":"wp","href":"https:\/\/api.w.org\/{rel}","templated":true}]}}