{"id":453,"date":"2023-04-01T00:00:28","date_gmt":"2023-04-01T05:00:28","guid":{"rendered":"https:\/\/flisolbogota.org\/2023\/?page_id=453"},"modified":"2023-04-05T20:24:22","modified_gmt":"2023-04-06T01:24:22","slug":"plan_de_financiamiento_mapa","status":"publish","type":"page","link":"https:\/\/flisolbogota.org\/2023\/plan_de_financiamiento_mapa\/","title":{"rendered":"PLAN DE FINANCIAMIENTO M.A.P.A"},"content":{"rendered":"\n<div class=\"wp-block-columns has-link-color wp-elements-803714a4a09ec9eea237e2d60e12e296 is-layout-flex wp-container-core-columns-is-layout-7466b548 wp-block-columns-is-layout-flex\" style=\"padding-top:var(--wp--preset--spacing--30);padding-right:var(--wp--preset--spacing--30);padding-bottom:var(--wp--preset--spacing--30);padding-left:var(--wp--preset--spacing--30)\">\n<div class=\"wp-block-column is-layout-flow wp-block-column-is-layout-flow\">\n<div style=\"height:30px\" aria-hidden=\"true\" class=\"wp-block-spacer\"><\/div>\n\n\n\n<p>El <em>Programa de contribuciones y financiaci\u00f3n<\/em> es un conjunto de estrategias y acciones que busca obtener talento humano, recursos log\u00edsticos, econ\u00f3micos y financieros para&nbsp; garantizar la producci\u00f3n y desarrollo del evento y sus&nbsp; iniciativas.&nbsp; Al ser este un proyecto comunitario, sin animo de lucro y de entrada libre, basa su financiaci\u00f3n en contribuciones solidarias por parte de personas, empresas y organizaciones afines a su prop\u00f3sito, que de manera voluntaria, suman sus habilidades \u00f3 recursos en la producci\u00f3n del festival. En t\u00e9rminos generales, se refiere a la participaci\u00f3n activa y positiva de una persona o entidad, que tras conocer y experimentar los beneficios del Software Libre, realizan una retribuci\u00f3n rec\u00edproca a su difusi\u00f3n y crecimiento, contribuyendo en este festival.&nbsp;&nbsp;Entendemos por contribuci\u00f3n como la acci\u00f3n de aportar algo al evento, con el fin de ejecutarlo, mejorarlo \u00f3 enriquecerlo. Las contribuciones pueden tomar diferentes formas, por lo que las clasificamos en tres grandes grupos de participaci\u00f3n:<\/p>\n\n\n\n<div style=\"height:30px\" aria-hidden=\"true\" class=\"wp-block-spacer\"><\/div>\n\n\n\n<ol class=\"wp-block-list\">\n<li><strong>Quienes Comparten <\/strong>sus habilidades, conocimientos, proyectos y experiencias a trav\u00e9s de las Actividades propuestas por el evento; y aplican a ellas por medio del <strong><a href=\"http:\/\/Quienes Comparten sus habilidades, conocimientos, proyectos y experiencias a trav\u00e9s de las Actividades propuestas por el evento; y aplican a ellas por medio de un Programa de Convocatorias.\">Programa de Convocatorias<\/a>.<br>&nbsp;<\/strong><\/li>\n\n\n\n<li><strong>Quienes Colaboran<\/strong> en el <strong><a href=\"https:\/\/hub.flisolbogota.org\">Equipo de Producci\u00f3n<\/a><\/strong>, asumiendo voluntariamente tareas de gesti\u00f3n y producci\u00f3n.<br>&nbsp;<\/li>\n\n\n\n<li><strong>Quienes Cooperan<\/strong> por medio de donaciones a nuestro<strong> Plan de financiamiento <\/strong><strong>M.A.P.A<\/strong>,en&nbsp; las categor\u00edas de <strong>Micromecenazgo, Apoyos, Patrocinios y Aliados.<\/strong><\/li>\n<\/ol>\n\n\n\n<div style=\"height:30px\" aria-hidden=\"true\" class=\"wp-block-spacer\"><\/div>\n\n\n\n<h3 class=\"has-large-font-size wp-block-heading\"><strong>PLAN DE FINANCIAMIENTO M.A.P.A<\/strong><\/h3>\n\n\n\n<div style=\"height:30px\" aria-hidden=\"true\" class=\"wp-block-spacer\"><\/div>\n\n\n\n<p>M.A.P.A es el acronimo de Micromecenazgo, Apoyos, Patrocinios y Aliados, y cada uno de estos es un programa que conforman este plan:<\/p>\n\n\n\n<div style=\"height:30px\" aria-hidden=\"true\" class=\"wp-block-spacer\"><\/div>\n\n\n\n<p><strong>1.&nbsp;&nbsp; PROGRAMA DE MICROMECENAZGO<\/strong><\/p>\n\n\n\n<div style=\"height:30px\" aria-hidden=\"true\" class=\"wp-block-spacer\"><\/div>\n\n\n\n<p>Se refiere a la pr\u00e1ctica de aportar peque\u00f1as cantidades de dinero por parte de un gran n\u00famero de personas, para financiar un proyecto o iniciativa en particular. Es una forma de financiamiento colectivo que ha adquirido popularidad en los \u00faltimos a\u00f1os, gracias a la facilidad de acceso a las tecnolog\u00edas y medios de pago en l\u00ednea. Escogimos&nbsp; a Open Collective, ( una plataforma de recaudaci\u00f3n de fondos + estatus legal + gesti\u00f3n de dinero abierta y una caja de herramientas legales y financieras para comunidades y organizaciones de base ), como nuestra <a href=\"https:\/\/opencollective.com\/flisolbogotadc\"><u>estrategia de micromecenazgo<\/u><\/a>, ( disponible pr\u00f3ximamente ), donde cualquier persona puede contribuir a financiar el festival y sus iniciativas, obteniendo reconocimiento y agradecimiento por parte del festival a trav\u00e9s de sus canales sociales y medios de difusi\u00f3n.&nbsp;<\/p>\n\n\n\n<div style=\"height:30px\" aria-hidden=\"true\" class=\"wp-block-spacer\"><\/div>\n\n\n\n<p><strong>2.&nbsp;&nbsp; <\/strong><strong>PROGRAMA DE APOYOS<\/strong><\/p>\n\n\n\n<div style=\"height:30px\" aria-hidden=\"true\" class=\"wp-block-spacer\"><\/div>\n\n\n\n<p>Consideramos como Apoyo a quien realiza un contribuci\u00f3n&nbsp;<a href=\"https:\/\/es.wikipedia.org\/wiki\/Dinero_mercanc%C3%ADa\"><u><em>en espacie<\/em><\/u><\/a> en la producci\u00f3n del festival y sus iniciativas, o realiza un aporte en dinero condicionado a una destinaci\u00f3n especifica. A continuaci\u00f3n la relaci\u00f3n de aportes y beneficios:<\/p>\n\n\n\n<div style=\"height:30px\" aria-hidden=\"true\" class=\"wp-block-spacer\"><\/div>\n\n\n\n<figure class=\"wp-block-image size-full\"><img loading=\"lazy\" decoding=\"async\" width=\"643\" height=\"198\" src=\"https:\/\/flisolbogota.org\/2023\/wp-content\/uploads\/sites\/11\/2023\/04\/apoyos.png\" alt=\"\" class=\"wp-image-1064\" srcset=\"https:\/\/flisolbogota.org\/2023\/wp-content\/uploads\/sites\/11\/2023\/04\/apoyos.png 643w, https:\/\/flisolbogota.org\/2023\/wp-content\/uploads\/sites\/11\/2023\/04\/apoyos-300x92.png 300w\" sizes=\"auto, (max-width: 643px) 100vw, 643px\" \/><\/figure>\n\n\n\n<div style=\"height:30px\" aria-hidden=\"true\" class=\"wp-block-spacer\"><\/div>\n\n\n\n<p><strong>3.&nbsp;&nbsp; <\/strong><strong>PROGRAMA DE PATROCINIOS<\/strong><\/p>\n\n\n\n<div style=\"height:30px\" aria-hidden=\"true\" class=\"wp-block-spacer\"><\/div>\n\n\n\n<p>Entendemos por Patrocinadora \u00f3 Patrocinador, a quien contribuye con un aporte en dinero, de libre destinaci\u00f3n.&nbsp; Priorizamos la recepci\u00f3n de estas&nbsp;contribuciones por parte de personas, empresas y organizaciones afines al prop\u00f3sito del festival, en otras palabras, preferimos dar espacio a voluntades que promueven en su que hacer al Software Libre, la Cultura Libre y la Econom\u00eda Colaborativa. A continuaci\u00f3n la tabla de aportes y beneficios:<\/p>\n\n\n\n<div style=\"height:30px\" aria-hidden=\"true\" class=\"wp-block-spacer\"><\/div>\n\n\n\n<figure class=\"wp-block-image size-full\"><img loading=\"lazy\" decoding=\"async\" width=\"625\" height=\"437\" src=\"https:\/\/flisolbogota.org\/2023\/wp-content\/uploads\/sites\/11\/2023\/04\/patrocinios_.png\" alt=\"\" class=\"wp-image-1073\" srcset=\"https:\/\/flisolbogota.org\/2023\/wp-content\/uploads\/sites\/11\/2023\/04\/patrocinios_.png 625w, https:\/\/flisolbogota.org\/2023\/wp-content\/uploads\/sites\/11\/2023\/04\/patrocinios_-300x210.png 300w\" sizes=\"auto, (max-width: 625px) 100vw, 625px\" \/><\/figure>\n\n\n\n<div style=\"height:30px\" aria-hidden=\"true\" class=\"wp-block-spacer\"><\/div>\n\n\n\n<p><strong>4.&nbsp;&nbsp; <\/strong><strong>PROGRAMA DE ALIADOS<\/strong><\/p>\n\n\n\n<div style=\"height:30px\" aria-hidden=\"true\" class=\"wp-block-spacer\"><\/div>\n\n\n\n<p>Son Aliados quienes facilitan un gran recurso para el festival como lo son: locaciones, montaje esc\u00e9nico y log\u00edstico, equipos y montaje de infraestructura IT entre otros. Estos aliados son <a href=\"mailto:contacto@flisolbogota.org\"><u>contactados por el Equipo N\u00facleo<\/u><\/a> al inicio del proceso de producci\u00f3n y antes del proceso de convocatorias.<\/p>\n\n\n\n<div style=\"height:187px\" aria-hidden=\"true\" class=\"wp-block-spacer\"><\/div>\n<\/div>\n<\/div>\n","protected":false},"excerpt":{"rendered":"<p>El Programa de contribuciones y financiaci\u00f3n es un conjunto de estrategias y acciones que busca obtener talento humano, recursos log\u00edsticos, econ\u00f3micos y financieros para&nbsp; garantizar la producci\u00f3n y desarrollo del evento y sus&nbsp; iniciativas.&nbsp; Al ser este un proyecto comunitario, sin animo de lucro y de entrada libre, basa su financiaci\u00f3n en contribuciones solidarias por [&hellip;]<\/p>\n","protected":false},"author":17,"featured_media":1075,"parent":0,"menu_order":0,"comment_status":"closed","ping_status":"closed","template":"wp-custom-template-publicaciones","meta":{"inline_featured_image":false,"footnotes":""},"class_list":["post-453","page","type-page","status-publish","has-post-thumbnail","hentry"],"_links":{"self":[{"href":"https:\/\/flisolbogota.org\/2023\/wp-json\/wp\/v2\/pages\/453","targetHints":{"allow":["GET"]}}],"collection":[{"href":"https:\/\/flisolbogota.org\/2023\/wp-json\/wp\/v2\/pages"}],"about":[{"href":"https:\/\/flisolbogota.org\/2023\/wp-json\/wp\/v2\/types\/page"}],"author":[{"embeddable":true,"href":"https:\/\/flisolbogota.org\/2023\/wp-json\/wp\/v2\/users\/17"}],"replies":[{"embeddable":true,"href":"https:\/\/flisolbogota.org\/2023\/wp-json\/wp\/v2\/comments?post=453"}],"version-history":[{"count":10,"href":"https:\/\/flisolbogota.org\/2023\/wp-json\/wp\/v2\/pages\/453\/revisions"}],"predecessor-version":[{"id":1074,"href":"https:\/\/flisolbogota.org\/2023\/wp-json\/wp\/v2\/pages\/453\/revisions\/1074"}],"wp:featuredmedia":[{"embeddable":true,"href":"https:\/\/flisolbogota.org\/2023\/wp-json\/wp\/v2\/media\/1075"}],"wp:attachment":[{"href":"https:\/\/flisolbogota.org\/2023\/wp-json\/wp\/v2\/media?parent=453"}],"curies":[{"name":"wp","href":"https:\/\/api.w.org\/{rel}","templated":true}]}}