{"id":676,"date":"2023-04-01T00:00:54","date_gmt":"2023-04-01T05:00:54","guid":{"rendered":"https:\/\/flisolbogota.org\/2023\/?page_id=676"},"modified":"2023-04-05T22:43:15","modified_gmt":"2023-04-06T03:43:15","slug":"convocatoria-apoyos-y-patrocinios","status":"publish","type":"page","link":"https:\/\/flisolbogota.org\/2023\/convocatoria-apoyos-y-patrocinios\/","title":{"rendered":"CONVOCATORIA APOYOS Y PATROCINIOS"},"content":{"rendered":"\n<div class=\"wp-block-columns has-link-color wp-elements-4f96530faec9936679394a4622c2baf0 is-layout-flex wp-container-core-columns-is-layout-d7d455e7 wp-block-columns-is-layout-flex\" style=\"padding-top:0;padding-right:0;padding-bottom:0;padding-left:0\">\n<div class=\"wp-block-column is-layout-flow wp-block-column-is-layout-flow\">\n<div style=\"height:30px\" aria-hidden=\"true\" class=\"wp-block-spacer\"><\/div>\n\n\n\n<p>Buscamos patrocinadores y apoyos comprometidos con el impulso del Software Libre y el fortalecimiento de la cultura digital abierta y colaborativa en Colombia\u00bb<\/p>\n\n\n\n<div style=\"height:60px\" aria-hidden=\"true\" class=\"wp-block-spacer\"><\/div>\n\n\n\n<p><strong>\u00a1Apoya la tecnolog\u00eda libre y \u00fanete a la comunidad del FLISoL Bogot\u00e1 DC!<\/strong><\/p>\n\n\n\n<div style=\"height:30px\" aria-hidden=\"true\" class=\"wp-block-spacer\"><\/div>\n\n\n\n<p>Haz que tu marca sea reconocida como un patrocinador o apoyo comprometido con la educaci\u00f3n, el desarrollo y la divulgaci\u00f3n del Software Libre. Esta es una gran oportunidad para llegar a estudiantes, profesionales y entusiastas de las tecnolog\u00edas abiertas que buscan proyectos que promuevan la innovaci\u00f3n colaborativa para superar las barreras en el acceso al conocimiento y la generaci\u00f3n de riqueza. Al contribuir en esta versi\u00f3n del festival, no s\u00f3lo estar\u00e1s apoyando una causa noble, sino que tambi\u00e9n ser\u00e1 una oportunidad para posicionar tu marca en el mercado tecnol\u00f3gico, mostrando tu compromiso con la responsabilidad social y el desarrollo sostenible. \u00a1\u00danete a la comunidad FLISoL Bogot\u00e1 DC, maximiza el valor de tu marca y s\u00e9 parte del cambio tecnol\u00f3gico!<\/p>\n\n\n\n<div style=\"height:30px\" aria-hidden=\"true\" class=\"wp-block-spacer\"><\/div>\n\n\n\n<p><strong>PROGRAMA DE APOYOS<\/strong><\/p>\n\n\n\n<div style=\"height:30px\" aria-hidden=\"true\" class=\"wp-block-spacer\"><\/div>\n\n\n\n<p>Consideramos como Apoyo a quien realiza un contribuci\u00f3n&nbsp;<a href=\"https:\/\/es.wikipedia.org\/wiki\/Dinero_mercanc%C3%ADa\"><u><em>en espacie<\/em><\/u><\/a> en la producci\u00f3n del festival y sus iniciativas, o realiza un aporte en dinero condicionado a una destinaci\u00f3n especifica. A continuaci\u00f3n la relaci\u00f3n de aportes y beneficios:<\/p>\n\n\n\n<div style=\"height:30px\" aria-hidden=\"true\" class=\"wp-block-spacer\"><\/div>\n\n\n\n<figure class=\"wp-block-image aligncenter size-full\"><img loading=\"lazy\" decoding=\"async\" width=\"643\" height=\"198\" src=\"https:\/\/flisolbogota.org\/2023\/wp-content\/uploads\/sites\/11\/2023\/04\/apoyos.png\" alt=\"\" class=\"wp-image-1064\" srcset=\"https:\/\/flisolbogota.org\/2023\/wp-content\/uploads\/sites\/11\/2023\/04\/apoyos.png 643w, https:\/\/flisolbogota.org\/2023\/wp-content\/uploads\/sites\/11\/2023\/04\/apoyos-300x92.png 300w\" sizes=\"auto, (max-width: 643px) 100vw, 643px\" \/><\/figure>\n\n\n\n<div style=\"height:30px\" aria-hidden=\"true\" class=\"wp-block-spacer\"><\/div>\n\n\n\n<p><strong>3.&nbsp;&nbsp; <\/strong><strong>PROGRAMA DE PATROCINIOS<\/strong><\/p>\n\n\n\n<div style=\"height:30px\" aria-hidden=\"true\" class=\"wp-block-spacer\"><\/div>\n\n\n\n<p>Entendemos por Patrocinadora \u00f3 Patrocinador, a quien contribuye con un aporte en dinero, de libre destinaci\u00f3n.&nbsp; Priorizamos la recepci\u00f3n de estas&nbsp;contribuciones por parte de personas, empresas y organizaciones afines al prop\u00f3sito del festival, en otras palabras, preferimos dar espacio a voluntades que promueven en su que hacer al Software Libre, la Cultura Libre y la Econom\u00eda Colaborativa. A continuaci\u00f3n la tabla de aportes y beneficios:<\/p>\n\n\n\n<div style=\"height:30px\" aria-hidden=\"true\" class=\"wp-block-spacer\"><\/div>\n\n\n\n<figure class=\"wp-block-image aligncenter size-full\"><img loading=\"lazy\" decoding=\"async\" width=\"625\" height=\"437\" src=\"https:\/\/flisolbogota.org\/2023\/wp-content\/uploads\/sites\/11\/2023\/04\/patrocinios_.png\" alt=\"\" class=\"wp-image-1073\" srcset=\"https:\/\/flisolbogota.org\/2023\/wp-content\/uploads\/sites\/11\/2023\/04\/patrocinios_.png 625w, https:\/\/flisolbogota.org\/2023\/wp-content\/uploads\/sites\/11\/2023\/04\/patrocinios_-300x210.png 300w\" sizes=\"auto, (max-width: 625px) 100vw, 625px\" \/><\/figure>\n\n\n\n<div style=\"height:30px\" aria-hidden=\"true\" class=\"wp-block-spacer\"><\/div>\n\n\n\n<p>Puede aplicar a este programa comunic\u00e1ndose con nosotros al correo <a href=\"mailto:apoyosypatrocinios@flisolbogota.org\">apoyosypatrocinios@flisolbogota.org<\/a> con el asunto \u00abApoyo\u00bb \u00f3 \u00abPatrocinio\u00bb  seg\u00fan su elecci\u00f3n. Agradecemos de antemano su inter\u00e9s en apoyar este importante evento en la comunidad tecnol\u00f3gica de Latinoam\u00e9rica.<\/p>\n\n\n\n<div style=\"height:151px\" aria-hidden=\"true\" class=\"wp-block-spacer\"><\/div>\n<\/div>\n<\/div>\n","protected":false},"excerpt":{"rendered":"<p>Buscamos patrocinadores y apoyos comprometidos con el impulso del Software Libre y el fortalecimiento de la cultura digital abierta y colaborativa en Colombia\u00bb \u00a1Apoya la tecnolog\u00eda libre y \u00fanete a la comunidad del FLISoL Bogot\u00e1 DC! Haz que tu marca sea reconocida como un patrocinador o apoyo comprometido con la educaci\u00f3n, el desarrollo y la [&hellip;]<\/p>\n","protected":false},"author":17,"featured_media":1075,"parent":0,"menu_order":0,"comment_status":"closed","ping_status":"closed","template":"wp-custom-template-publicaciones","meta":{"inline_featured_image":false,"footnotes":""},"class_list":["post-676","page","type-page","status-publish","has-post-thumbnail","hentry"],"_links":{"self":[{"href":"https:\/\/flisolbogota.org\/2023\/wp-json\/wp\/v2\/pages\/676","targetHints":{"allow":["GET"]}}],"collection":[{"href":"https:\/\/flisolbogota.org\/2023\/wp-json\/wp\/v2\/pages"}],"about":[{"href":"https:\/\/flisolbogota.org\/2023\/wp-json\/wp\/v2\/types\/page"}],"author":[{"embeddable":true,"href":"https:\/\/flisolbogota.org\/2023\/wp-json\/wp\/v2\/users\/17"}],"replies":[{"embeddable":true,"href":"https:\/\/flisolbogota.org\/2023\/wp-json\/wp\/v2\/comments?post=676"}],"version-history":[{"count":12,"href":"https:\/\/flisolbogota.org\/2023\/wp-json\/wp\/v2\/pages\/676\/revisions"}],"predecessor-version":[{"id":1091,"href":"https:\/\/flisolbogota.org\/2023\/wp-json\/wp\/v2\/pages\/676\/revisions\/1091"}],"wp:featuredmedia":[{"embeddable":true,"href":"https:\/\/flisolbogota.org\/2023\/wp-json\/wp\/v2\/media\/1075"}],"wp:attachment":[{"href":"https:\/\/flisolbogota.org\/2023\/wp-json\/wp\/v2\/media?parent=676"}],"curies":[{"name":"wp","href":"https:\/\/api.w.org\/{rel}","templated":true}]}}