{"id":912,"date":"2023-04-04T00:29:00","date_gmt":"2023-04-04T05:29:00","guid":{"rendered":"https:\/\/flisolbogota.org\/2023\/?page_id=912"},"modified":"2023-04-11T17:44:34","modified_gmt":"2023-04-11T22:44:34","slug":"presentacion-del-festival","status":"publish","type":"page","link":"https:\/\/flisolbogota.org\/2023\/presentacion-del-festival\/","title":{"rendered":"PRESENTACI\u00d3N DEL FESTIVAL"},"content":{"rendered":"\n<p class=\"has-text-align-center\">Festival Latinoamericano de Instalaci\u00f3n de Software Libre<\/p>\n\n\n\n<p class=\"has-text-align-center has-medium-font-size\"><strong>19\u00b0 FLISoL Bogot\u00e1 DC 2023<\/strong><\/p>\n\n\n\n<p class=\"has-text-align-center has-large-font-size\"><em><strong>Software para la vida<\/strong><\/em><\/p>\n\n\n\n<div class=\"wp-block-columns has-link-color wp-elements-6df0b1b0271b4d0873b9eb2990d346d8 is-layout-flex wp-container-core-columns-is-layout-28f84493 wp-block-columns-is-layout-flex\">\n<div class=\"wp-block-column is-layout-flow wp-block-column-is-layout-flow\" style=\"padding-top:0;padding-right:0;padding-bottom:0;padding-left:0\">\n<div style=\"height:47px\" aria-hidden=\"true\" class=\"wp-block-spacer\"><\/div>\n\n\n\n<p>A medida que nuestra sociedad se hace cada vez m\u00e1s dependiente de servidores, computadores y dispositivos m\u00f3viles (ordenadores en general), el software que empleamos adquiere una importancia crucial para garantizar el futuro de una comunidad libre, aut\u00f3noma y empoderada.<\/p>\n\n\n\n<div style=\"height:30px\" aria-hidden=\"true\" class=\"wp-block-spacer\"><\/div>\n\n\n\n<p>El <strong>Software Libre<\/strong> es un tema que trata acerca de <strong>c\u00f3mo ejercer control sobre la tecnolog\u00eda que utilizamos<\/strong> en nuestras casas, escuelas, empresas, organizaciones e instituciones p\u00fablicas. Mediante este enfoque, los ordenadores gestionan datos y ejecutan tareas para beneficio tanto individual como colectivo, en lugar de servir a los intereses y la concentraci\u00f3n de poder de compa\u00f1\u00edas de software privativo, organizaciones \u00f3 gobiernos, quienes podr\u00edan intentar limitarnos, vigilarnos, manipularnos \u00f3 desviar la atenci\u00f3n publica de los temas cr\u00edticos y de inter\u00e9s com\u00fan en la sociedad.<\/p>\n\n\n\n<div style=\"height:30px\" aria-hidden=\"true\" class=\"wp-block-spacer\"><\/div>\n\n\n\n<p>El <strong>movimiento del Software Libre<\/strong> es la <strong>respuesta social<\/strong> ante un paradigma econ\u00f3mico basado en la extracci\u00f3n de datos personales para el an\u00e1lisis y predicci\u00f3n del comportamiento social; la imposici\u00f3n de barreras de acceso; la privatizaci\u00f3n del conocimiento y la modificaci\u00f3n del software por un grupo exclusivo de desarrolladores y empresas.&nbsp;<\/p>\n\n\n\n<div style=\"height:30px\" aria-hidden=\"true\" class=\"wp-block-spacer\"><\/div>\n\n\n\n<p>El <strong>Festival Latinoamericano de Instalaci\u00f3n de Software Libre (FLISoL)<\/strong>, es un evento anual de formato abierto, participaci\u00f3n voluntaria y libre acceso, que desde el 2005, se lleva a cabo en diferentes ciudades de Am\u00e9rica Latina y al cual se han venido sumando pa\u00edses como Espa\u00f1a y Portugal. Su objetivo principal es <strong>fomentar y difundir el uso del Software Libre en la sociedad.<\/strong>&nbsp;En este encuentro, personas voluntarias y especialistas en tecnolog\u00edas libres, abiertas y comunitarias, llevan a cabo diversas <strong>actividades<\/strong> como: instalaciones de Software Libre en los equipos de los asistentes, charlas, talleres, exposiciones, entre otras,<strong> presenciales y virtuales<\/strong>, donde se exponen la filosof\u00eda, alcance, avances y desarrollo, tanto del Software Libre como del movimiento social que lo sustenta.<\/p>\n\n\n\n<div style=\"height:30px\" aria-hidden=\"true\" class=\"wp-block-spacer\"><\/div>\n\n\n\n<p><strong>FLISoL Bogot\u00e1 DC<\/strong>&nbsp;es una edici\u00f3n del evento en el Distrito Capital de Colombia. Tiene como objetivo principal promover y difundir el <strong>Software Libre<\/strong>, la <strong>Cultura Libre<\/strong> y <strong>proyectos aliados Open Source<\/strong>, enfoc\u00e1ndose en la soberan\u00eda tecnol\u00f3gica. Este evento, es un <a href=\"https:\/\/flisol.info\/bogota\/dc\"><u><strong>proyecto social<\/strong><\/u><\/a> que cuenta con la acci\u00f3n organizada de la comunidad que lo lidera y&nbsp;se centra en cuatro aspectos fundamentales:<\/p>\n\n\n\n<div style=\"height:30px\" aria-hidden=\"true\" class=\"wp-block-spacer\"><\/div>\n\n\n\n<p style=\"margin-right:0;margin-left:var(--wp--preset--spacing--30)\">En <em>primer lugar<\/em>, concentra su esfuerzo en la <strong>Producci\u00f3n anual del evento<\/strong>, por medio de la participaci\u00f3n voluntaria de sus integrantes y otras personas usuarias, entusiastas y expertas del Software Libre, tanto a nivel local como internacional, quienes; <strong>comparten<\/strong> sus habilidades, conocimientos, proyectos y experiencias a trav\u00e9s de las <a href=\"https:\/\/flisolbogota.org\/2023\/programacion\/\"><u><strong>Actividades<\/strong><\/u><\/a> propuestas en cada versi\u00f3n del evento;&nbsp;<strong>colaboran<\/strong> con tareas ejecutivas y log\u00edsticas desde el <a href=\"https:\/\/hub.flisolbogota.org\/\"><u><strong>Equipo de Producci\u00f3n<\/strong><\/u><\/a> y&nbsp;<strong>cooperan<\/strong> por medio de donaciones a nuestro <a href=\"https:\/\/flisolbogota.org\/2023\/plan_de_financiamiento_mapa\/\"><u><strong>Plan de financiamiento M.A.P.A<\/strong><\/u><\/a>. Ademas, destacamos que esta producci\u00f3n se administra abiertamente y es sistematizada posteriormente en la <a href=\"https:\/\/flisol.info\"><u><strong>Wiki<\/strong><\/u><\/a> de la comunidad, una herramienta gratuita y disponible para cualquier persona en todo el mundo.<\/p>\n\n\n\n<div style=\"height:30px\" aria-hidden=\"true\" class=\"wp-block-spacer\"><\/div>\n\n\n\n<p style=\"padding-right:0;padding-left:var(--wp--preset--spacing--30)\">En <em>segundo luga<\/em>r, aporta en la <strong>producci\u00f3n de conocimiento abierto sobre el Software Libre <\/strong>mediante la difusi\u00f3n de su memoria social y el registro de las actividades del evento cada a\u00f1o a trav\u00e9s de las plataformas sociales que ocupa para ello ( <a href=\"https:\/\/www.youtube.com\/@FLISoLBogota\"><u><strong>opci\u00f3n 1<\/strong><\/u><\/a>, <a href=\"https:\/\/fediverse.tv\/a\/flisolbogota\/video-channels\"><u><strong>opci\u00f3n 2<\/strong><\/u><\/a>).<\/p>\n\n\n\n<div style=\"height:30px\" aria-hidden=\"true\" class=\"wp-block-spacer\"><\/div>\n\n\n\n<p style=\"padding-left:var(--wp--preset--spacing--30)\">En <em>tercer lugar<\/em>, <strong>facilita la transici\u00f3n hacia el uso del Software Libre brindando apoyo<\/strong> a personas, comunidades, organizaciones y empresas interesadas en este proceso de cambio, mediante sus <a href=\"https:\/\/flisolbogota.org\/2023\/canales-sociales\/\"><u><strong>canales sociales<\/strong><\/u><\/a>.<\/p>\n\n\n\n<div style=\"height:30px\" aria-hidden=\"true\" class=\"wp-block-spacer\"><\/div>\n\n\n\n<p style=\"padding-top:0;padding-right:0;padding-bottom:0;padding-left:var(--wp--preset--spacing--30)\">Finalmente, en<em> cuarto lugar<\/em>, <strong>colabora en la creaci\u00f3n de pol\u00edticas p\u00fablicas para la adopci\u00f3n y desarrollo de Software Libre en la ciudad<\/strong>, como en el ejercicio del control social para su implementaci\u00f3n y cumplimiento.<\/p>\n\n\n\n<div style=\"height:30px\" aria-hidden=\"true\" class=\"wp-block-spacer\"><\/div>\n\n\n\n<p>Para el a\u00f1o <strong>2023<\/strong>, la <strong>19\u00aa edici\u00f3n del Festival Latinoamericano de Instalaci\u00f3n de Software Libre (FLISoL) versi\u00f3n Bogot\u00e1 DC<\/strong>, adopta el lema <strong><a href=\"https:\/\/flisol.info\/FLISOL2023\/Colombia\/Bogota\/SoftwareParaLaVida\">\u00abSoftware para la vida\u00bb<\/a><\/strong>. Bajo esta premisa, el evento busca resaltar historias relevantes y experiencias de vida en las que, a trav\u00e9s del uso de Software Libre, se han abordado y resuelto necesidades cotidianas, educativas, profesionales, empresariales, sociales e institucionales en Bogot\u00e1 con la participaci\u00f3n especial de algunos referentes internacionales y comunidades que practican la Cultura Libre en el desarrollo de sus prop\u00f3sitos. Con ello, se demuestra c\u00f3mo la implementaci\u00f3n del Software Libre mejora la calidad de vida de las personas, contribuye al cuidado del medio ambiente y facilita la generaci\u00f3n de riqueza.<\/p>\n\n\n\n<div style=\"height:30px\" aria-hidden=\"true\" class=\"wp-block-spacer\"><\/div>\n\n\n\n<p>En consecuencia, hemos decidido priorizar temas de relevancia global, en los que el Software Libre se convierte en un requisito indispensable para enfrentar los desaf\u00edos sociales que plantean.<\/p>\n\n\n\n<div style=\"height:30px\" aria-hidden=\"true\" class=\"wp-block-spacer\"><\/div>\n\n\n\n<p>Estos temas son:<\/p>\n\n\n\n<div style=\"height:30px\" aria-hidden=\"true\" class=\"wp-block-spacer\"><\/div>\n\n\n\n<p style=\"margin-left:var(--wp--preset--spacing--30)\"><strong>Cambio clim\u00e1tico:<\/strong>&nbsp;soluciones para mitigar y adaptarse a los impactos del cambio clim\u00e1tico utilizando Software Libre.<\/p>\n\n\n\n<div style=\"height:30px\" aria-hidden=\"true\" class=\"wp-block-spacer\"><\/div>\n\n\n\n<p style=\"margin-left:var(--wp--preset--spacing--30)\"><strong>Fediverso:<\/strong> soluciones \u00e9ticas de redes sociales y plataformas digitales descentralizadas.<\/p>\n\n\n\n<div style=\"height:30px\" aria-hidden=\"true\" class=\"wp-block-spacer\"><\/div>\n\n\n\n<p style=\"margin-left:var(--wp--preset--spacing--30)\"><strong>Inteligencia artificial:<\/strong> desarrollos y proyectos basados en Software Libre y de C\u00f3digo abierto para impulsar avances en los distintos campos de acci\u00f3n humana como: la educaci\u00f3n, la agricultura, la industria, el comercio, el turismo, la salud, las artes entre otras.<\/p>\n\n\n\n<div style=\"height:30px\" aria-hidden=\"true\" class=\"wp-block-spacer\"><\/div>\n\n\n\n<p style=\"margin-left:var(--wp--preset--spacing--30)\"><strong>Igualdad de g\u00e9nero, diversidad e inclusi\u00f3n:<\/strong> proyectos y comunidades que, a trav\u00e9s del uso de Software Libre y practicas de la Cultura Libre, promueven la igualdad de derechos y oportunidades para todas las personas, independientemente de su g\u00e9nero, orientaci\u00f3n sexual, nacionalidad, etnia o cualquier otra caracter\u00edstica que pueda dar lugar a la discriminaci\u00f3n, tanto en entornos f\u00edsicos como virtuales.<\/p>\n\n\n\n<div style=\"height:30px\" aria-hidden=\"true\" class=\"wp-block-spacer\"><\/div>\n\n\n\n<p style=\"margin-left:var(--wp--preset--spacing--30)\"><strong>Bienestar digital:<\/strong>&nbsp;proyectos y comunidades que fomentan una cultura del balance y \u00e9tica en el uso de la tecnolog\u00eda mediante el Software Libre.<\/p>\n\n\n\n<div style=\"height:30px\" aria-hidden=\"true\" class=\"wp-block-spacer\"><\/div>\n\n\n\n<p style=\"margin-left:var(--wp--preset--spacing--30)\"><strong>Soberan\u00eda y gobernanza: <\/strong>proyectos y avances en torno a la implementaci\u00f3n de la pol\u00edtica publica del Software Libre de la ciudad por parte de la administraci\u00f3n publica, as\u00ed como, proyectos y comunidades que proponen soluciones, ejercen control social y colaboran con la administraci\u00f3n de la ciudad&nbsp;desde los espacios de participaci\u00f3n ciudadana.<\/p>\n\n\n\n<div style=\"height:30px\" aria-hidden=\"true\" class=\"wp-block-spacer\"><\/div>\n\n\n\n<p style=\"margin-top:0;margin-right:0;margin-bottom:0;margin-left:var(--wp--preset--spacing--30)\"><strong>Productividad:<\/strong> soluciones en el \u00e1mbito laboral y la eficiencia en la toma de decisiones.<\/p>\n\n\n\n<div style=\"height:30px\" aria-hidden=\"true\" class=\"wp-block-spacer\"><\/div>\n\n\n\n<p style=\"margin-left:var(--wp--preset--spacing--30)\"><strong>Medios de comunicaci\u00f3n:<\/strong> proyectos de comunicaci\u00f3n que realizan su labor a trav\u00e9s del uso e implementaci\u00f3n de soluciones de Software Libre y practicas de la Cultura Libre, como tambi\u00e9n medios especializados que promueven estos temas en sus publicaciones.<\/p>\n\n\n\n<div style=\"height:72px\" aria-hidden=\"true\" class=\"wp-block-spacer\"><\/div>\n\n\n\n<p><strong>\u00a1Te damos la bienvenida a esta nueva edici\u00f3n del Festival!<\/strong> donde exploraremos juntos el potencial del Software Libre, para hacer frente a los retos del actual escenario globlal y mejorar nuestras vidas.<\/p>\n\n\n\n<div style=\"height:30px\" aria-hidden=\"true\" class=\"wp-block-spacer\"><\/div>\n\n\n\n<p>Del<strong> s\u00e1bado 22 de abril al 6 de Mayo.<\/strong><\/p>\n\n\n\n<div style=\"height:30px\" aria-hidden=\"true\" class=\"wp-block-spacer\"><\/div>\n\n\n\n<p>Durante dos semanas tendremos <strong>Actividades Distribuidas<\/strong>, presenciales en diferentes lugares de Bogot\u00e1 y virtuales en nuestra web flisolbogota.org, para culminar en un gran <strong>Evento de Clausura<\/strong> en alianza con el Fondo de Cultura Econ\u00f3mica y su <strong>Centro Cultural Gabriel Garcia Marquez<\/strong>, ubicado en el centro hist\u00f3rico de la ciudad, Cl. 11 #5-60.<\/p>\n\n\n\n<p>Durante estas dos semanas compartiremos para el publico en general, las siguientes actividades:<\/p>\n\n\n\n<div style=\"height:30px\" aria-hidden=\"true\" class=\"wp-block-spacer\"><\/div>\n\n\n\n<p><strong>Actividades Distribuidas<\/strong>:<\/p>\n\n\n\n<div style=\"height:30px\" aria-hidden=\"true\" class=\"wp-block-spacer\"><\/div>\n\n\n\n<p>Bogot\u00e1 es una ciudad que supera los <a href=\"https:\/\/es.wikipedia.org\/wiki\/Bogot%C3%A1#:~:text=10 331 626%E2%80%8B hab.\"><strong>10 millones<\/strong><\/a> de habitantes en su \u00e1rea metropolitana, por ello nuestra apuesta es pasar de un evento central de gran formato, como en a\u00f1os anteriores, a un programa de actividades distribuidas por diferentes puntos de la ciudad, con un evento de clausura de mediano formato. Si bien existen otros eventos FLISoL en la ciudad, con tem\u00e1ticas especializadas, nuestra estrategia apunta a organizar un programa de actividades bajo una misma campa\u00f1a de difusi\u00f3n, esto posibilita que los promotores centren sus esfuerzos a la gesti\u00f3n de espacios y actividades,\u00a0mientras ahorran tiempo en la producci\u00f3n de una campa\u00f1a de medios.<\/p>\n\n\n\n<div style=\"height:30px\" aria-hidden=\"true\" class=\"wp-block-spacer\"><\/div>\n\n\n\n<p>Con esto, pretendemos activar nuevos puntos de acci\u00f3n en la ciudad y aumentar nuestro impacto, al tiempo que logramos un mayor n\u00famero de actividades seleccionadas. Celebramos igualmente que <a href=\"https:\/\/flisol.info\/FLISOL2023\/Colombia\/Bogota\"><u><strong>formules t\u00fa propio evento FLISoL<\/strong><\/u><\/a> y te invitamos a propiciar articulaci\u00f3n mutua.<\/p>\n\n\n\n<div style=\"height:30px\" aria-hidden=\"true\" class=\"wp-block-spacer\"><\/div>\n\n\n\n<p><strong>Evento de clausura:<\/strong><\/p>\n\n\n\n<div style=\"height:30px\" aria-hidden=\"true\" class=\"wp-block-spacer\"><\/div>\n\n\n\n<p style=\"margin-left:var(--wp--preset--spacing--30)\"><strong>Ponencias<\/strong>&nbsp;<strong>(20 minutos de duraci\u00f3n)<\/strong>; historias relevantes y experiencias de vida en las que, a trav\u00e9s del uso de Software Libre, se han abordado y resuelto necesidades cotidianas, educativas, profesionales, empresariales, sociales e institucionales en Bogot\u00e1 y otras latitudes.<\/p>\n\n\n\n<div style=\"height:30px\" aria-hidden=\"true\" class=\"wp-block-spacer\"><\/div>\n\n\n\n<p style=\"margin-bottom:0;margin-left:var(--wp--preset--spacing--30)\"><strong>Talleres<\/strong>&nbsp;&nbsp;<strong>(45 minutos de duraci\u00f3n)<\/strong>; con din\u00e1micas para la experimentaci\u00f3n practica en el uso de diferentes programas de Software Libre.<\/p>\n\n\n\n<div style=\"height:30px\" aria-hidden=\"true\" class=\"wp-block-spacer\"><\/div>\n\n\n\n<p style=\"margin-left:var(--wp--preset--spacing--30)\"><strong>FLISoL infantil<\/strong>; una zona especial para ni\u00f1as y ni\u00f1os, donde a trav\u00e9s de la l\u00fadica, se propone acercar a los m\u00e1s peque\u00f1os, los conceptos y practicas de las tecnolog\u00edas libres.<\/p>\n\n\n\n<div style=\"height:30px\" aria-hidden=\"true\" class=\"wp-block-spacer\"><\/div>\n\n\n\n<p style=\"margin-left:var(--wp--preset--spacing--30)\"><strong>Feria de exhibici\u00f3n ( dos \u00e1reas de exposici\u00f3n)<\/strong>; la<em><strong> Expo Apoyos y Patrocinios<\/strong><\/em>, con la participaci\u00f3n de empresas y organizaciones que <a href=\"https:\/\/flisolbogota.org\/2023\/apoyos-y-patrocinios\/\">apoyan y patrocinan<\/a> esta versi\u00f3n del festival. Por otro lado, la <em><strong>Expo Comunidad y Cultura Libre<\/strong><\/em>, donde har\u00e1n presencia agentes, colectivos, organizaciones y editoriales que desde su quehacer, son referentes de la Cultura Libre en la ciudad.<\/p>\n\n\n\n<div style=\"height:30px\" aria-hidden=\"true\" class=\"wp-block-spacer\"><\/div>\n\n\n\n<p style=\"margin-left:var(--wp--preset--spacing--30)\"><strong>Presentaciones art\u00edsticas y culturales (libres, abiertas y colaborativas)<\/strong>; proyectos sonoros, proyectos&nbsp;audiovisuales y encuentro de saberes que podr\u00e1n apreciarse en <em><strong>tarima<\/strong><\/em>&nbsp;\u00f3 <em><strong>auditorio<\/strong><\/em>.<\/p>\n\n\n\n<div style=\"height:30px\" aria-hidden=\"true\" class=\"wp-block-spacer\"><\/div>\n\n\n\n<p style=\"margin-left:var(--wp--preset--spacing--30)\"><strong>Instalaci\u00f3n de Software Libre (Jornada continua);<\/strong> en los equipos de los asistentes sin costo con previa inscripci\u00f3n.<\/p>\n\n\n\n<div style=\"height:30px\" aria-hidden=\"true\" class=\"wp-block-spacer\"><\/div>\n\n\n\n<p>Si deseas unirte como asistente, verifica las condiciones de cada <a href=\"https:\/\/flisolbogota.org\/2023\/category\/programacion\/actividades_distribuidas\/\"><u><strong>Actividad Distrubuida<\/strong><\/u><\/a> para unirte. Para el <a href=\"https:\/\/flisolbogota.org\/2023\/category\/programacion\/evento-de-clausura\/\"><u><strong>Evento de Clausura<\/strong><\/u><\/a> el ingreso a cada actividad estar\u00e1 disponible hasta completar aforo y previo registro en la entrada del evento. Recuerda llegar temprano para conseguir tu entrada. Esperamos contar con t\u00fa&nbsp;participaci\u00f3n para enriquecer el debate y la experiencia compartida a trav\u00e9s de tus preguntas, comentarios e interacciones con otros participantes.<\/p>\n\n\n\n<div style=\"height:30px\" aria-hidden=\"true\" class=\"wp-block-spacer\"><\/div>\n\n\n\n<p>Si quieres contribuir con el evento, te invitamos a conocer nuestro <a href=\"https:\/\/flisolbogota.org\/2023\/programa-de-convocatorias\/\"><u><strong>Programa de Convocatorias<\/strong><\/u><\/a>, donde podr\u00e1s contribuir en la organizaci\u00f3n, planificaci\u00f3n , financiaci\u00f3n y realizaci\u00f3n de las diversas actividades dentro del evento.<\/p>\n\n\n\n<div style=\"height:30px\" aria-hidden=\"true\" class=\"wp-block-spacer\"><\/div>\n\n\n\n<p>Si eres comunicador independiente, haces parte de un colectivo &nbsp;\u00f3 diriges un medio de comunicaci\u00f3n, te invitamos a que participes en la convocatoria <a href=\"https:\/\/flisolbogota.org\/2023\/cubrimiento-colaborativo\/\"><strong>Cubrimiento Colaborativo<\/strong><\/a>.<\/p>\n\n\n\n<div style=\"height:30px\" aria-hidden=\"true\" class=\"wp-block-spacer\"><\/div>\n\n\n\n<p>Agradecemos tu inter\u00e9s y esperamos contar con tu participaci\u00f3n en el FLISoL Bogot\u00e1 DC 2023. Ser\u00e1 una ocasi\u00f3n \u00fanica para sumergirse en la cultura del Software Libre y compartir tus vivencias y conocimientos con otras personas apasionadas por las tecnolog\u00edas libres en nuestra regi\u00f3n.<\/p>\n\n\n\n<div style=\"height:30px\" aria-hidden=\"true\" class=\"wp-block-spacer\"><\/div>\n\n\n\n<p>No dudes en contactarnos si tienes alguna pregunta o necesitas informaci\u00f3n adicional acerca del evento. Puedes escribir al correo <a href=\"http:\/\/prensa@flisolbogota.org\"><u><strong>prensa@flisolbogota.org<\/strong><\/u><\/a> , consultar en nuestro <a href=\"https:\/\/app.element.io\/#\/room\/#chat-flisolbogotadc:matrix.org\"><u><strong>chat informativo en matrix<\/strong><\/u><\/a>&nbsp;\u00f3 visitar nuestros <a href=\"https:\/\/flisolbogota.org\/2023\/canales-sociales\/\"><u><strong>canales sociales<\/strong><\/u><\/a> y <a href=\"https:\/\/flisolbogota.org\"><u><strong>sitio web oficial<\/strong><\/u><\/a>.<\/p>\n\n\n\n<div style=\"height:30px\" aria-hidden=\"true\" class=\"wp-block-spacer\"><\/div>\n\n\n\n<p class=\"has-text-align-center has-large-font-size\">\u00a1Te esperamos !<\/p>\n\n\n\n<div style=\"height:30px\" aria-hidden=\"true\" class=\"wp-block-spacer\"><\/div>\n\n\n\n<p>Atentamente,<\/p>\n\n\n\n<div style=\"height:30px\" aria-hidden=\"true\" class=\"wp-block-spacer\"><\/div>\n\n\n\n<p>Equipo Organizador<\/p>\n\n\n\n<p><strong>FLISoL Bogot\u00e1 DC<\/strong><\/p>\n\n\n\n<div style=\"height:30px\" aria-hidden=\"true\" class=\"wp-block-spacer\"><\/div>\n\n\n\n<div style=\"height:30px\" aria-hidden=\"true\" class=\"wp-block-spacer\"><\/div>\n\n\n\n<div style=\"height:30px\" aria-hidden=\"true\" class=\"wp-block-spacer\"><\/div>\n<\/div>\n<\/div>\n","protected":false},"excerpt":{"rendered":"<p>Festival Latinoamericano de Instalaci\u00f3n de Software Libre 19\u00b0 FLISoL Bogot\u00e1 DC 2023 Software para la vida A medida que nuestra sociedad se hace cada vez m\u00e1s dependiente de servidores, computadores y dispositivos m\u00f3viles (ordenadores en general), el software que empleamos adquiere una importancia crucial para garantizar el futuro de una comunidad libre, aut\u00f3noma y empoderada. [&hellip;]<\/p>\n","protected":false},"author":15,"featured_media":913,"parent":0,"menu_order":0,"comment_status":"closed","ping_status":"closed","template":"wp-custom-template-publicaciones","meta":{"inline_featured_image":false,"footnotes":""},"class_list":["post-912","page","type-page","status-publish","has-post-thumbnail","hentry"],"_links":{"self":[{"href":"https:\/\/flisolbogota.org\/2023\/wp-json\/wp\/v2\/pages\/912","targetHints":{"allow":["GET"]}}],"collection":[{"href":"https:\/\/flisolbogota.org\/2023\/wp-json\/wp\/v2\/pages"}],"about":[{"href":"https:\/\/flisolbogota.org\/2023\/wp-json\/wp\/v2\/types\/page"}],"author":[{"embeddable":true,"href":"https:\/\/flisolbogota.org\/2023\/wp-json\/wp\/v2\/users\/15"}],"replies":[{"embeddable":true,"href":"https:\/\/flisolbogota.org\/2023\/wp-json\/wp\/v2\/comments?post=912"}],"version-history":[{"count":38,"href":"https:\/\/flisolbogota.org\/2023\/wp-json\/wp\/v2\/pages\/912\/revisions"}],"predecessor-version":[{"id":1273,"href":"https:\/\/flisolbogota.org\/2023\/wp-json\/wp\/v2\/pages\/912\/revisions\/1273"}],"wp:featuredmedia":[{"embeddable":true,"href":"https:\/\/flisolbogota.org\/2023\/wp-json\/wp\/v2\/media\/913"}],"wp:attachment":[{"href":"https:\/\/flisolbogota.org\/2023\/wp-json\/wp\/v2\/media?parent=912"}],"curies":[{"name":"wp","href":"https:\/\/api.w.org\/{rel}","templated":true}]}}